{"id":5875,"date":"2025-10-28T04:38:10","date_gmt":"2025-10-28T04:38:10","guid":{"rendered":"https:\/\/dev.lamaro-designs.com\/produktion\/"},"modified":"2025-12-09T05:23:15","modified_gmt":"2025-12-09T05:23:15","slug":"produktion","status":"publish","type":"page","link":"https:\/\/lamaro-designs.com\/de\/produktion\/","title":{"rendered":"produktion"},"content":{"rendered":"<p><div class=\"fusion-fullwidth fullwidth-box fusion-builder-row-1 fusion-flex-container has-pattern-background has-mask-background nonhundred-percent-fullwidth non-hundred-percent-height-scrolling\" style=\"--awb-background-position:left top;--awb-border-sizes-top:0px;--awb-border-sizes-bottom:0px;--awb-border-sizes-left:0px;--awb-border-sizes-right:0px;--awb-border-radius-top-left:0px;--awb-border-radius-top-right:0px;--awb-border-radius-bottom-right:0px;--awb-border-radius-bottom-left:0px;--awb-padding-top:0px;--awb-padding-bottom:100px;--awb-padding-bottom-small:20px;--awb-flex-wrap:wrap;\" ><div class=\"fusion-builder-row fusion-row fusion-flex-align-items-center fusion-flex-justify-content-space-around fusion-flex-content-wrap\" style=\"max-width:1597.44px;margin-left: calc(-4% \/ 2 );margin-right: calc(-4% \/ 2 );\"><div class=\"fusion-layout-column fusion_builder_column fusion-builder-column-0 fusion_builder_column_2_5 2_5 fusion-flex-column fusion-column-no-min-height fusion-animated\" style=\"--awb-bg-blend:overlay;--awb-bg-size:cover;--awb-width-large:40%;--awb-margin-top-large:0px;--awb-spacing-right-large:3.84%;--awb-margin-bottom-large:0px;--awb-spacing-left-large:4.8%;--awb-width-medium:83.333333333333%;--awb-spacing-right-medium:1.8432%;--awb-spacing-left-medium:2.304%;--awb-width-small:100%;--awb-spacing-right-small:1.92%;--awb-margin-bottom-small:30px;--awb-spacing-left-small:1.92%;\" data-animationType=\"fadeInLeft\" data-animationDuration=\"0.3\" data-animationOffset=\"top-into-view\"><div class=\"fusion-column-wrapper fusion-flex-justify-content-flex-start fusion-content-layout-column\"><div class=\"fusion-title title fusion-title-1 fusion-sep-none fusion-title-text fusion-title-size-two fusion-animated\" style=\"--awb-margin-bottom:30px;--awb-margin-top-small:10px;--awb-margin-right-small:0px;--awb-margin-bottom-small:1em;--awb-margin-left-small:0px;--awb-font-size:32px;\" data-animationType=\"fadeInLeft\" data-animationDuration=\"0.3\" data-animationOffset=\"top-into-view\"><h2 class=\"fusion-title-heading title-heading-left fusion-responsive-typography-calculated\" style=\"margin:0;font-size:1em;--fontSize:32;line-height:1.25;\">produktion<\/h2><\/div><div class=\"fusion-text fusion-text-1 fusion-animated\" style=\"--awb-content-alignment:justify;\" data-animationType=\"fadeInLeft\" data-animationOffset=\"top-into-view\"><p>Gemeinsam mit talentierten Handwerker:innen, die bereits seit Generationen mit Steinen arbeiten, kreieren wir unsere Designs. Mexiko hat eine faszinierende Tradition im Umgang mit Marmor und Edelsteinen, und unsere Handwerker:innen sind wahre Meister auf ihrem Gebiet.  <\/p>\n<p>Unser Herstellungsprozess ist eine Liebeserkl\u00e4rung an die Leidenschaft und das Engagement unseres Teams. Angefangen bei der Auswahl der edelsten Materialien bis hin zur liebevollen handwerklichen Fertigung jedes Einzelst\u00fccks \u2013 unser Streben geht dahin, M\u00f6bel zu kreieren, die nicht nur \u00e4sthetisch ansprechend sind, sondern auch zeitlose, emotionale Kunstwerke sind, die Generationen \u00fcberdauern werden. <\/p>\n<\/div><\/div><\/div><div class=\"fusion-layout-column fusion_builder_column fusion-builder-column-1 fusion_builder_column_1_3 1_3 fusion-flex-column fusion-no-medium-visibility fusion-animated\" style=\"--awb-bg-size:cover;--awb-width-large:33.333333333333%;--awb-margin-top-large:0px;--awb-spacing-right-large:5.76%;--awb-margin-bottom-large:20px;--awb-spacing-left-large:5.76%;--awb-width-medium:33.333333333333%;--awb-order-medium:0;--awb-spacing-right-medium:5.76%;--awb-spacing-left-medium:5.76%;--awb-width-small:100%;--awb-order-small:0;--awb-spacing-right-small:1.92%;--awb-spacing-left-small:1.92%;\" data-animationType=\"fadeInRight\" data-animationDuration=\"0.3\" data-animationOffset=\"top-into-view\"><div class=\"fusion-column-wrapper fusion-column-has-shadow fusion-flex-justify-content-flex-start fusion-content-layout-column\"><div class=\"fusion-image-element \" style=\"--awb-caption-title-font-family:var(--h2_typography-font-family);--awb-caption-title-font-weight:var(--h2_typography-font-weight);--awb-caption-title-font-style:var(--h2_typography-font-style);--awb-caption-title-size:var(--h2_typography-font-size);--awb-caption-title-transform:var(--h2_typography-text-transform);--awb-caption-title-line-height:var(--h2_typography-line-height);--awb-caption-title-letter-spacing:var(--h2_typography-letter-spacing);\"><span class=\" fusion-imageframe imageframe-none imageframe-1 hover-type-none\"><img decoding=\"async\" width=\"1200\" height=\"1500\" title=\"Hauptbild\" src=\"https:\/\/lamaro-designs.com\/wp-content\/uploads\/2025\/10\/Hauptbild-scaled.jpg\" data-orig-src=\"https:\/\/lamaro-designs.com\/wp-content\/uploads\/2025\/10\/Hauptbild-1200x1500.jpg\" alt class=\"lazyload img-responsive wp-image-5498\" srcset=\"data:image\/svg+xml,%3Csvg%20xmlns%3D%27http%3A%2F%2Fwww.w3.org%2F2000%2Fsvg%27%20width%3D%272048%27%20height%3D%272560%27%20viewBox%3D%270%200%202048%202560%27%3E%3Crect%20width%3D%272048%27%20height%3D%272560%27%20fill-opacity%3D%220%22%2F%3E%3C%2Fsvg%3E\" data-srcset=\"https:\/\/lamaro-designs.com\/wp-content\/uploads\/2025\/10\/Hauptbild-200x250.jpg 200w, https:\/\/lamaro-designs.com\/wp-content\/uploads\/2025\/10\/Hauptbild-400x500.jpg 400w, https:\/\/lamaro-designs.com\/wp-content\/uploads\/2025\/10\/Hauptbild-600x750.jpg 600w, https:\/\/lamaro-designs.com\/wp-content\/uploads\/2025\/10\/Hauptbild-800x1000.jpg 800w, https:\/\/lamaro-designs.com\/wp-content\/uploads\/2025\/10\/Hauptbild-1200x1500.jpg 1200w\" data-sizes=\"auto\" data-orig-sizes=\"(max-width: 640px) 100vw, 600px\" \/><\/span><\/div><\/div><\/div><\/div><\/div><div class=\"fusion-fullwidth fullwidth-box fusion-builder-row-2 fusion-flex-container has-pattern-background has-mask-background hundred-percent-fullwidth non-hundred-percent-height-scrolling\" style=\"--awb-background-position:left top;--awb-border-sizes-top:0px;--awb-border-sizes-bottom:0px;--awb-border-sizes-left:0px;--awb-border-sizes-right:0px;--awb-border-radius-top-left:0px;--awb-border-radius-top-right:0px;--awb-border-radius-bottom-right:0px;--awb-border-radius-bottom-left:0px;--awb-padding-top:0px;--awb-padding-bottom:100px;--awb-padding-top-small:0px;--awb-padding-bottom-small:20px;--awb-flex-wrap:wrap;\" ><div class=\"fusion-builder-row fusion-row fusion-flex-align-items-center fusion-flex-justify-content-space-around fusion-flex-content-wrap\" style=\"width:104% !important;max-width:104% !important;margin-left: calc(-4% \/ 2 );margin-right: calc(-4% \/ 2 );\"><div class=\"fusion-layout-column fusion_builder_column fusion-builder-column-2 fusion_builder_column_1_1 1_1 fusion-flex-column\" style=\"--awb-bg-size:cover;--awb-width-large:100%;--awb-margin-top-large:0px;--awb-spacing-right-large:1.92%;--awb-margin-bottom-large:0px;--awb-spacing-left-large:1.92%;--awb-width-medium:100%;--awb-order-medium:0;--awb-spacing-right-medium:1.92%;--awb-spacing-left-medium:1.92%;--awb-width-small:100%;--awb-order-small:0;--awb-spacing-right-small:1.92%;--awb-spacing-left-small:1.92%;\"><div class=\"fusion-column-wrapper fusion-column-has-shadow fusion-flex-justify-content-flex-start fusion-content-layout-column\"><div class=\"fusion-image-carousel fusion-image-carousel-auto fusion-image-carousel-1 lightbox-enabled fusion-carousel-border\"><div class=\"awb-carousel awb-swiper awb-swiper-carousel awb-carousel--carousel awb-swiper-dots-position-bottom\" data-layout=\"carousel\" data-autoplay=\"no\" data-autoplayspeed=\"2500\" data-autoplaypause=\"no\" data-columns=\"5\" data-columnsmedium=\"3.5\" data-columnssmall=\"1\" data-itemmargin=\"13\" data-itemwidth=\"180\" data-touchscroll=\"no\" data-freemode=\"no\" data-imagesize=\"auto\" data-scrollitems=\"0\" data-centeredslides=\"no\" data-rotationangle=\"50\" data-depth=\"100\" data-speed=\"500\" data-shadow=\"no\" data-pagination=\"bullets\" style=\"--awb-border-width:1px;--awb-border-color:#e9eaee;\"><div class=\"swiper-wrapper awb-image-carousel-wrapper fusion-flex-align-items-center\"><div class=\"swiper-slide\"><div class=\"fusion-carousel-item-wrapper\"><div class=\"fusion-image-wrapper hover-type-none\"><a data-rel=\"iLightbox[image_carousel_1]\" data-title=\"DSC03473-2\" aria-label=\"DSC03473-2\" href=\"https:\/\/lamaro-designs.com\/wp-content\/uploads\/2025\/10\/DSC03473-2-scaled.jpg\" target=\"_self\"><img decoding=\"async\" width=\"2048\" height=\"2560\" src=\"https:\/\/lamaro-designs.com\/wp-content\/uploads\/2025\/10\/DSC03473-2-scaled.jpg\" class=\"attachment-full size-full lazyload\" alt=\"\" srcset=\"data:image\/svg+xml,%3Csvg%20xmlns%3D%27http%3A%2F%2Fwww.w3.org%2F2000%2Fsvg%27%20width%3D%272048%27%20height%3D%272560%27%20viewBox%3D%270%200%202048%202560%27%3E%3Crect%20width%3D%272048%27%20height%3D%272560%27%20fill-opacity%3D%220%22%2F%3E%3C%2Fsvg%3E\" data-orig-src=\"https:\/\/lamaro-designs.com\/wp-content\/uploads\/2025\/10\/DSC03473-2-scaled.jpg\" data-srcset=\"https:\/\/lamaro-designs.com\/wp-content\/uploads\/2025\/10\/DSC03473-2-200x250.jpg 200w, https:\/\/lamaro-designs.com\/wp-content\/uploads\/2025\/10\/DSC03473-2-400x500.jpg 400w, https:\/\/lamaro-designs.com\/wp-content\/uploads\/2025\/10\/DSC03473-2-600x750.jpg 600w, https:\/\/lamaro-designs.com\/wp-content\/uploads\/2025\/10\/DSC03473-2-800x1000.jpg 800w, https:\/\/lamaro-designs.com\/wp-content\/uploads\/2025\/10\/DSC03473-2-1200x1500.jpg 1200w, https:\/\/lamaro-designs.com\/wp-content\/uploads\/2025\/10\/DSC03473-2-scaled.jpg 2048w\" data-sizes=\"auto\" \/><\/a><\/div><\/div><\/div><div class=\"swiper-slide\"><div class=\"fusion-carousel-item-wrapper\"><div class=\"fusion-image-wrapper hover-type-none\"><a data-rel=\"iLightbox[image_carousel_1]\" data-title=\"DSC03413-1\" aria-label=\"DSC03413-1\" href=\"https:\/\/lamaro-designs.com\/wp-content\/uploads\/2025\/10\/DSC03413-1-scaled.jpg\" target=\"_self\"><img decoding=\"async\" width=\"2048\" height=\"2560\" src=\"https:\/\/lamaro-designs.com\/wp-content\/uploads\/2025\/10\/DSC03413-1-scaled.jpg\" class=\"attachment-full size-full lazyload\" alt=\"\" srcset=\"data:image\/svg+xml,%3Csvg%20xmlns%3D%27http%3A%2F%2Fwww.w3.org%2F2000%2Fsvg%27%20width%3D%272048%27%20height%3D%272560%27%20viewBox%3D%270%200%202048%202560%27%3E%3Crect%20width%3D%272048%27%20height%3D%272560%27%20fill-opacity%3D%220%22%2F%3E%3C%2Fsvg%3E\" data-orig-src=\"https:\/\/lamaro-designs.com\/wp-content\/uploads\/2025\/10\/DSC03413-1-scaled.jpg\" data-srcset=\"https:\/\/lamaro-designs.com\/wp-content\/uploads\/2025\/10\/DSC03413-1-200x250.jpg 200w, https:\/\/lamaro-designs.com\/wp-content\/uploads\/2025\/10\/DSC03413-1-400x500.jpg 400w, https:\/\/lamaro-designs.com\/wp-content\/uploads\/2025\/10\/DSC03413-1-600x750.jpg 600w, https:\/\/lamaro-designs.com\/wp-content\/uploads\/2025\/10\/DSC03413-1-800x1000.jpg 800w, https:\/\/lamaro-designs.com\/wp-content\/uploads\/2025\/10\/DSC03413-1-1200x1500.jpg 1200w, https:\/\/lamaro-designs.com\/wp-content\/uploads\/2025\/10\/DSC03413-1-scaled.jpg 2048w\" data-sizes=\"auto\" \/><\/a><\/div><\/div><\/div><div class=\"swiper-slide\"><div class=\"fusion-carousel-item-wrapper\"><div class=\"fusion-image-wrapper hover-type-none\"><a data-rel=\"iLightbox[image_carousel_1]\" data-title=\"DSC03328\" aria-label=\"DSC03328\" href=\"https:\/\/lamaro-designs.com\/wp-content\/uploads\/2025\/10\/DSC03328-scaled.jpg\" target=\"_self\"><img decoding=\"async\" width=\"2048\" height=\"2560\" src=\"https:\/\/lamaro-designs.com\/wp-content\/uploads\/2025\/10\/DSC03328-scaled.jpg\" class=\"attachment-full size-full lazyload\" alt=\"\" srcset=\"data:image\/svg+xml,%3Csvg%20xmlns%3D%27http%3A%2F%2Fwww.w3.org%2F2000%2Fsvg%27%20width%3D%272048%27%20height%3D%272560%27%20viewBox%3D%270%200%202048%202560%27%3E%3Crect%20width%3D%272048%27%20height%3D%272560%27%20fill-opacity%3D%220%22%2F%3E%3C%2Fsvg%3E\" data-orig-src=\"https:\/\/lamaro-designs.com\/wp-content\/uploads\/2025\/10\/DSC03328-scaled.jpg\" data-srcset=\"https:\/\/lamaro-designs.com\/wp-content\/uploads\/2025\/10\/DSC03328-200x250.jpg 200w, https:\/\/lamaro-designs.com\/wp-content\/uploads\/2025\/10\/DSC03328-400x500.jpg 400w, https:\/\/lamaro-designs.com\/wp-content\/uploads\/2025\/10\/DSC03328-600x750.jpg 600w, https:\/\/lamaro-designs.com\/wp-content\/uploads\/2025\/10\/DSC03328-800x1000.jpg 800w, https:\/\/lamaro-designs.com\/wp-content\/uploads\/2025\/10\/DSC03328-1200x1500.jpg 1200w, https:\/\/lamaro-designs.com\/wp-content\/uploads\/2025\/10\/DSC03328-scaled.jpg 2048w\" data-sizes=\"auto\" \/><\/a><\/div><\/div><\/div><div class=\"swiper-slide\"><div class=\"fusion-carousel-item-wrapper\"><div class=\"fusion-image-wrapper hover-type-none\"><a data-rel=\"iLightbox[image_carousel_1]\" data-title=\"DSC03428-2\" aria-label=\"DSC03428-2\" href=\"https:\/\/lamaro-designs.com\/wp-content\/uploads\/2025\/10\/DSC03428-2-scaled.jpg\" target=\"_self\"><img decoding=\"async\" width=\"2048\" height=\"2560\" src=\"https:\/\/lamaro-designs.com\/wp-content\/uploads\/2025\/10\/DSC03428-2-scaled.jpg\" class=\"attachment-full size-full lazyload\" alt=\"\" srcset=\"data:image\/svg+xml,%3Csvg%20xmlns%3D%27http%3A%2F%2Fwww.w3.org%2F2000%2Fsvg%27%20width%3D%272048%27%20height%3D%272560%27%20viewBox%3D%270%200%202048%202560%27%3E%3Crect%20width%3D%272048%27%20height%3D%272560%27%20fill-opacity%3D%220%22%2F%3E%3C%2Fsvg%3E\" data-orig-src=\"https:\/\/lamaro-designs.com\/wp-content\/uploads\/2025\/10\/DSC03428-2-scaled.jpg\" data-srcset=\"https:\/\/lamaro-designs.com\/wp-content\/uploads\/2025\/10\/DSC03428-2-200x250.jpg 200w, https:\/\/lamaro-designs.com\/wp-content\/uploads\/2025\/10\/DSC03428-2-400x500.jpg 400w, https:\/\/lamaro-designs.com\/wp-content\/uploads\/2025\/10\/DSC03428-2-600x750.jpg 600w, https:\/\/lamaro-designs.com\/wp-content\/uploads\/2025\/10\/DSC03428-2-800x1000.jpg 800w, https:\/\/lamaro-designs.com\/wp-content\/uploads\/2025\/10\/DSC03428-2-1200x1500.jpg 1200w, https:\/\/lamaro-designs.com\/wp-content\/uploads\/2025\/10\/DSC03428-2-scaled.jpg 2048w\" data-sizes=\"auto\" \/><\/a><\/div><\/div><\/div><div class=\"swiper-slide\"><div class=\"fusion-carousel-item-wrapper\"><div class=\"fusion-image-wrapper hover-type-none\"><a data-rel=\"iLightbox[image_carousel_1]\" data-title=\"DSC03369-1\" aria-label=\"DSC03369-1\" href=\"https:\/\/lamaro-designs.com\/wp-content\/uploads\/2025\/10\/DSC03369-1-scaled.jpg\" target=\"_self\"><img decoding=\"async\" width=\"2048\" height=\"2560\" src=\"https:\/\/lamaro-designs.com\/wp-content\/uploads\/2025\/10\/DSC03369-1-scaled.jpg\" class=\"attachment-full size-full lazyload\" alt=\"\" srcset=\"data:image\/svg+xml,%3Csvg%20xmlns%3D%27http%3A%2F%2Fwww.w3.org%2F2000%2Fsvg%27%20width%3D%272048%27%20height%3D%272560%27%20viewBox%3D%270%200%202048%202560%27%3E%3Crect%20width%3D%272048%27%20height%3D%272560%27%20fill-opacity%3D%220%22%2F%3E%3C%2Fsvg%3E\" data-orig-src=\"https:\/\/lamaro-designs.com\/wp-content\/uploads\/2025\/10\/DSC03369-1-scaled.jpg\" data-srcset=\"https:\/\/lamaro-designs.com\/wp-content\/uploads\/2025\/10\/DSC03369-1-200x250.jpg 200w, https:\/\/lamaro-designs.com\/wp-content\/uploads\/2025\/10\/DSC03369-1-400x500.jpg 400w, https:\/\/lamaro-designs.com\/wp-content\/uploads\/2025\/10\/DSC03369-1-600x750.jpg 600w, https:\/\/lamaro-designs.com\/wp-content\/uploads\/2025\/10\/DSC03369-1-800x1000.jpg 800w, https:\/\/lamaro-designs.com\/wp-content\/uploads\/2025\/10\/DSC03369-1-1200x1500.jpg 1200w, https:\/\/lamaro-designs.com\/wp-content\/uploads\/2025\/10\/DSC03369-1-scaled.jpg 2048w\" data-sizes=\"auto\" \/><\/a><\/div><\/div><\/div><div class=\"swiper-slide\"><div class=\"fusion-carousel-item-wrapper\"><div class=\"fusion-image-wrapper hover-type-none\"><a data-rel=\"iLightbox[image_carousel_1]\" data-title=\"DSC03576\" aria-label=\"DSC03576\" href=\"https:\/\/lamaro-designs.com\/wp-content\/uploads\/2025\/10\/DSC03576-scaled.jpg\" target=\"_self\"><img decoding=\"async\" width=\"2048\" height=\"2560\" src=\"https:\/\/lamaro-designs.com\/wp-content\/uploads\/2025\/10\/DSC03576-scaled.jpg\" class=\"attachment-full size-full lazyload\" alt=\"\" srcset=\"data:image\/svg+xml,%3Csvg%20xmlns%3D%27http%3A%2F%2Fwww.w3.org%2F2000%2Fsvg%27%20width%3D%272048%27%20height%3D%272560%27%20viewBox%3D%270%200%202048%202560%27%3E%3Crect%20width%3D%272048%27%20height%3D%272560%27%20fill-opacity%3D%220%22%2F%3E%3C%2Fsvg%3E\" data-orig-src=\"https:\/\/lamaro-designs.com\/wp-content\/uploads\/2025\/10\/DSC03576-scaled.jpg\" data-srcset=\"https:\/\/lamaro-designs.com\/wp-content\/uploads\/2025\/10\/DSC03576-200x250.jpg 200w, https:\/\/lamaro-designs.com\/wp-content\/uploads\/2025\/10\/DSC03576-400x500.jpg 400w, https:\/\/lamaro-designs.com\/wp-content\/uploads\/2025\/10\/DSC03576-600x750.jpg 600w, https:\/\/lamaro-designs.com\/wp-content\/uploads\/2025\/10\/DSC03576-800x1000.jpg 800w, https:\/\/lamaro-designs.com\/wp-content\/uploads\/2025\/10\/DSC03576-1200x1500.jpg 1200w, https:\/\/lamaro-designs.com\/wp-content\/uploads\/2025\/10\/DSC03576-scaled.jpg 2048w\" data-sizes=\"auto\" \/><\/a><\/div><\/div><\/div><div class=\"swiper-slide\"><div class=\"fusion-carousel-item-wrapper\"><div class=\"fusion-image-wrapper hover-type-none\"><a data-rel=\"iLightbox[image_carousel_1]\" data-title=\"Hauptbild\" aria-label=\"Hauptbild\" href=\"https:\/\/lamaro-designs.com\/wp-content\/uploads\/2025\/10\/Hauptbild-scaled.jpg\" target=\"_self\"><img decoding=\"async\" width=\"2048\" height=\"2560\" src=\"https:\/\/lamaro-designs.com\/wp-content\/uploads\/2025\/10\/Hauptbild-scaled.jpg\" class=\"attachment-full size-full lazyload\" alt=\"\" srcset=\"data:image\/svg+xml,%3Csvg%20xmlns%3D%27http%3A%2F%2Fwww.w3.org%2F2000%2Fsvg%27%20width%3D%272048%27%20height%3D%272560%27%20viewBox%3D%270%200%202048%202560%27%3E%3Crect%20width%3D%272048%27%20height%3D%272560%27%20fill-opacity%3D%220%22%2F%3E%3C%2Fsvg%3E\" data-orig-src=\"https:\/\/lamaro-designs.com\/wp-content\/uploads\/2025\/10\/Hauptbild-scaled.jpg\" data-srcset=\"https:\/\/lamaro-designs.com\/wp-content\/uploads\/2025\/10\/Hauptbild-200x250.jpg 200w, https:\/\/lamaro-designs.com\/wp-content\/uploads\/2025\/10\/Hauptbild-400x500.jpg 400w, https:\/\/lamaro-designs.com\/wp-content\/uploads\/2025\/10\/Hauptbild-600x750.jpg 600w, https:\/\/lamaro-designs.com\/wp-content\/uploads\/2025\/10\/Hauptbild-800x1000.jpg 800w, https:\/\/lamaro-designs.com\/wp-content\/uploads\/2025\/10\/Hauptbild-1200x1500.jpg 1200w, https:\/\/lamaro-designs.com\/wp-content\/uploads\/2025\/10\/Hauptbild-scaled.jpg 2048w\" data-sizes=\"auto\" \/><\/a><\/div><\/div><\/div><\/div><div class=\"awb-swiper-button awb-swiper-button-prev\"><i class=\"awb-icon-angle-left\" aria-hidden=\"true\"><\/i><\/div><div class=\"awb-swiper-button awb-swiper-button-next\"><i class=\"awb-icon-angle-right\" aria-hidden=\"true\"><\/i><\/div><\/div><\/div><\/div><\/div><\/div><\/div><\/p>\n","protected":false},"excerpt":{"rendered":"","protected":false},"author":1,"featured_media":7808,"parent":0,"menu_order":0,"comment_status":"closed","ping_status":"closed","template":"100-width.php","meta":{"_acf_changed":false,"footnotes":""},"class_list":["post-5875","page","type-page","status-publish","has-post-thumbnail","hentry"],"acf":[],"_links":{"self":[{"href":"https:\/\/lamaro-designs.com\/de\/wp-json\/wp\/v2\/pages\/5875","targetHints":{"allow":["GET"]}}],"collection":[{"href":"https:\/\/lamaro-designs.com\/de\/wp-json\/wp\/v2\/pages"}],"about":[{"href":"https:\/\/lamaro-designs.com\/de\/wp-json\/wp\/v2\/types\/page"}],"author":[{"embeddable":true,"href":"https:\/\/lamaro-designs.com\/de\/wp-json\/wp\/v2\/users\/1"}],"replies":[{"embeddable":true,"href":"https:\/\/lamaro-designs.com\/de\/wp-json\/wp\/v2\/comments?post=5875"}],"version-history":[{"count":12,"href":"https:\/\/lamaro-designs.com\/de\/wp-json\/wp\/v2\/pages\/5875\/revisions"}],"predecessor-version":[{"id":8647,"href":"https:\/\/lamaro-designs.com\/de\/wp-json\/wp\/v2\/pages\/5875\/revisions\/8647"}],"wp:featuredmedia":[{"embeddable":true,"href":"https:\/\/lamaro-designs.com\/de\/wp-json\/wp\/v2\/media\/7808"}],"wp:attachment":[{"href":"https:\/\/lamaro-designs.com\/de\/wp-json\/wp\/v2\/media?parent=5875"}],"curies":[{"name":"wp","href":"https:\/\/api.w.org\/{rel}","templated":true}]}}