{"id":7700,"date":"2025-10-27T23:39:44","date_gmt":"2025-10-27T23:39:44","guid":{"rendered":"https:\/\/dev.lamaro-designs.com\/datenschutzerklaerung\/"},"modified":"2025-11-06T04:51:04","modified_gmt":"2025-11-06T04:51:04","slug":"datenschutzerklaerung","status":"publish","type":"page","link":"https:\/\/lamaro-designs.com\/de\/datenschutzerklaerung\/","title":{"rendered":"datenschutzerkl\u00e4rung"},"content":{"rendered":"<div class=\"fusion-fullwidth fullwidth-box fusion-builder-row-1 fusion-flex-container has-pattern-background has-mask-background hundred-percent-fullwidth non-hundred-percent-height-scrolling\" style=\"--awb-background-position:left top;--awb-border-sizes-top:0px;--awb-border-sizes-bottom:0px;--awb-border-sizes-left:0px;--awb-border-sizes-right:0px;--awb-border-radius-top-left:0px;--awb-border-radius-top-right:0px;--awb-border-radius-bottom-right:0px;--awb-border-radius-bottom-left:0px;--awb-padding-top:0px;--awb-padding-bottom:100px;--awb-padding-top-small:100px;--awb-padding-bottom-small:100px;--awb-flex-wrap:wrap;\" ><div class=\"fusion-builder-row fusion-row fusion-flex-align-items-center fusion-flex-justify-content-space-around fusion-flex-content-wrap\" style=\"width:104% !important;max-width:104% !important;margin-left: calc(-4% \/ 2 );margin-right: calc(-4% \/ 2 );\"><div class=\"fusion-layout-column fusion_builder_column fusion-builder-column-0 fusion_builder_column_2_5 2_5 fusion-flex-column fusion-column-no-min-height\" style=\"--awb-bg-blend:overlay;--awb-bg-size:cover;--awb-width-large:40%;--awb-margin-top-large:0px;--awb-spacing-right-large:4.8%;--awb-margin-bottom-large:0px;--awb-spacing-left-large:4.8%;--awb-width-medium:60%;--awb-spacing-right-medium:3.2%;--awb-spacing-left-medium:3.2%;--awb-width-small:100%;--awb-spacing-right-small:1.92%;--awb-margin-bottom-small:30px;--awb-spacing-left-small:1.92%;\"><div class=\"fusion-column-wrapper fusion-flex-justify-content-flex-start fusion-content-layout-column\"><div class=\"fusion-title title fusion-title-1 fusion-sep-none fusion-title-text fusion-title-size-one\" style=\"--awb-margin-bottom:30px;--awb-margin-top-small:10px;--awb-margin-right-small:0px;--awb-margin-bottom-small:10px;--awb-margin-left-small:0px;\"><h1 class=\"fusion-title-heading title-heading-left fusion-responsive-typography-calculated\" style=\"margin:0;--fontSize:58;line-height:var(--awb-typography1-line-height);\">datenschutzerkl\u00e4rung<\/h1><\/div><div class=\"fusion-text fusion-text-1 fusion-text-no-margin\" style=\"--awb-content-alignment:justify;--awb-margin-bottom:40px;\"><p><b>Lamaro GmbH <\/b><\/p>\n<p>Lamaro-Designs (\u201eLamaro-Designs\u201c, \u201e<b>unsere<\/b>\u201e, \u201e<b>wir<\/b>\u201c und \u201e<b>uns<\/b>\u201e) sowie unsere Partner verpflichten sich, Ihre Privatsph\u00e4re zu respektieren.<\/p>\n<p>Bitte lesen Sie diese Datenschutzerkl\u00e4rung sorgf\u00e4ltig durch, um zu verstehen, wie Ihre pers\u00f6nlichen Daten erfasst, verarbeitet und gespeichert werden, wenn Sie die Website <b><a href=\"https:\/\/lamaro-designs.com\">https:\/\/lamaro-designs.com<\/a><\/b> (die \u201eWebsite\u201e) nutzen. Alle auf dieser Website erfassten personenbezogenen Daten werden unter der Verantwortung von Frau Carla Notter verarbeitet.<\/p>\n<p>All the personal data gathered on this Web Site is processed under the responsibility of Mrs. Carla Pinto Notter<\/p>\n<p>Diese Datenschutzerkl\u00e4rung beschreibt:<\/p>\n<ol>\n<li><b>Wie Lamaro Ihre pers\u00f6nlichen Daten verwendet.<\/b><\/li>\n<li><b>Wie Lamaro Ihre pers\u00f6nlichen Daten teilt.<\/b><\/li>\n<li><b>Wie Lamaro Ihre pers\u00f6nlichen Daten sch\u00fctzt.<\/b><\/li>\n<li><b>Wie Sie Ihre Rechte in Bezug auf Ihre pers\u00f6nlichen Daten aus\u00fcben k\u00f6nnen.<\/b><\/li>\n<li><b>Die Regeln f\u00fcr Aktualisierungen dieser Richtlinie.The rules applicable to updates of this policy<\/b><\/li>\n<li><b>Wie Sie uns kontaktieren k\u00f6nnen.<\/b><\/li>\n<\/ol>\n<\/div><div class=\"fusion-title title fusion-title-2 fusion-sep-none fusion-title-text fusion-title-size-two\" style=\"--awb-margin-top-small:10px;--awb-margin-right-small:0px;--awb-margin-bottom-small:10px;--awb-margin-left-small:0px;\"><h2 class=\"fusion-title-heading title-heading-left fusion-responsive-typography-calculated\" style=\"margin:0;--fontSize:32;line-height:1.1;\"><h2 class=\"title-heading-left fusion-live-editable medium-editor-element\" role=\"textbox\" contenteditable=\"true\" spellcheck=\"true\" data-inline-parent-cid=\"11\" data-inline-override-color=\"text_color\" data-inline-override-font-size=\"font_size\" data-inline-override-line-height=\"line_height\" data-inline-override-letter-spacing=\"letter_spacing\" data-inline-override-tag=\"size\" data-toolbar=\"full\" data-param=\"element_content\" data-medium-editor-element=\"true\" aria-multiline=\"true\" data-medium-editor-editor-index=\"6\" data-placeholder=\"Your Content Goes Here\" data-medium-focused=\"true\">1. wie lamaro ihre pers\u00f6nlichen daten verwendet<\/h2><\/h2><\/div><div class=\"fusion-text fusion-text-2 fusion-text-no-margin\" style=\"--awb-content-alignment:justify;--awb-margin-bottom:40px;\"><p>Lamaro kann Ihre pers\u00f6nlichen Daten f\u00fcr folgende Zwecke verwenden:<\/p>\n<ul>\n<li>Um Ihr Kundenkonto auf der Website zu erstellen.<\/li>\n<li>Um Ihre Bestellungen f\u00fcr Produkte auf der Website zu verwalten.<\/li>\n<li>Um Ihnen E-Mails mit Informationen \u00fcber Produkte zu senden, die denen \u00e4hnlich sind, die Sie bereits gekauft haben.<\/li>\n<li>Um Ihnen unseren Newsletter zu senden.<\/li>\n<li>Um auf Ihre Kontaktanfragen zu antworten, die \u00fcber das Kontaktformular der Website gestellt wurden.<\/li>\n<\/ul>\n<p>Die meisten der oben aufgef\u00fchrten Verarbeitungst\u00e4tigkeiten sind f\u00fcr die Erf\u00fcllung des Vertrags notwendig, den Sie mit Lamaro abschlie\u00dfen, wenn Sie unsere Website nutzen, um die zum Verkauf angebotenen Produkte zu bestellen.<\/p>\n<p>Die Verarbeitung Ihrer personenbezogenen Daten, um Ihnen Informations-E-Mails zu senden, basiert auf unserem berechtigten Interesse, die Kundentreue bei unseren bestehenden und potenziellen Kunden aufzubauen. Sie k\u00f6nnen diese E-Mails und andere unerw\u00fcnschte Korrespondenz jederzeit \u00fcber die daf\u00fcr vorgesehene Funktion beenden oder auf Anfrage sofort per E-Mail beenden. <\/p>\n<p>Die Verarbeitung Ihrer E-Mail-Adresse, um Ihnen unseren Newsletter zu senden, basiert au\u00dferdem auf Ihrer Einwilligung zur Registrierung f\u00fcr unseren Newsletter. Sie k\u00f6nnen sich jederzeit vom Newsletter abmelden, indem Sie die daf\u00fcr vorgesehene Funktion nutzen oder auf Anfrage sofort per E-Mail an uns senden.<\/p>\n<\/div><div class=\"fusion-title title fusion-title-3 fusion-sep-none fusion-title-text fusion-title-size-two\" style=\"--awb-margin-top-small:10px;--awb-margin-right-small:0px;--awb-margin-bottom-small:10px;--awb-margin-left-small:0px;\"><h2 class=\"fusion-title-heading title-heading-left fusion-responsive-typography-calculated\" style=\"margin:0;--fontSize:32;line-height:1.1;\"><h2 class=\"title-heading-left fusion-live-editable medium-editor-element\" role=\"textbox\" contenteditable=\"true\" spellcheck=\"true\" data-inline-parent-cid=\"11\" data-inline-override-color=\"text_color\" data-inline-override-font-size=\"font_size\" data-inline-override-line-height=\"line_height\" data-inline-override-letter-spacing=\"letter_spacing\" data-inline-override-tag=\"size\" data-toolbar=\"full\" data-param=\"element_content\" data-medium-editor-element=\"true\" aria-multiline=\"true\" data-medium-editor-editor-index=\"6\" data-placeholder=\"Your Content Goes Here\" data-medium-focused=\"true\">2. wie lamaro ihre pers\u00f6nlichen daten teilt<\/h2><\/h2><\/div><div class=\"fusion-text fusion-text-3 fusion-text-no-margin\" style=\"--awb-content-alignment:justify;--awb-margin-bottom:40px;\"><p>Innerhalb von Lamaro und im Hinblick auf jeden Zweck, f\u00fcr den wir Ihre personenbezogenen Daten verarbeiten, werden Ihre personenbezogenen Daten von den autorisierten Mitarbeitern von Lamaro ausschlie\u00dflich im Rahmen ihrer jeweiligen Zust\u00e4ndigkeiten erfasst, verarbeitet und gespeichert, insbesondere von der Kundendienstabteilung, der Marketingabteilung und der IT-Abteilung.<\/p>\n<p>Wir teilen Ihre personenbezogenen Daten nicht mit anderen Unternehmen, Organisationen und Personen, au\u00dfer in folgenden F\u00e4llen:<\/p>\n<p>(1) Weitergabe an unsere Dienstleister: Lamaro kann Ihre personenbezogenen Daten an Unternehmen weitergeben, die uns Dienstleistungen erbringen oder in unserem Namen erbringen. Diese Dienstleister umfassen Auftragnehmer, die Dienstleistungen ben\u00f6tigen, die f\u00fcr den Betrieb der Website erforderlich sind, wie unser Hosting-Unternehmen und unser Webmaster. <\/p>\n<p>(2) Zur Einhaltung der geltenden Gesetze und Vorschriften: Lamaro kann Ihre Daten weitergeben, wenn dies durch die geltenden Gesetze und Vorschriften erforderlich ist oder um rechtliche Streitigkeiten beizulegen oder wenn dies von den Gerichten oder den Beh\u00f6rden gesetzlich vorgeschrieben ist.<\/p>\n<p>Lamaro wird die Rechtm\u00e4\u00dfigkeit jeder Weitergabe von personenbezogenen Daten \u00fcber Datenschutzklauseln sicherstellen, die mit den Auftragnehmern unterzeichnet werden, mit denen Ihre personenbezogenen Daten geteilt werden. Sie werden beispielsweise dazu verpflichtet, dieser Datenschutzrichtlinie zu entsprechen und die erforderlichen Sicherheits- und Vertraulichkeitsma\u00dfnahmen bei der Verarbeitung personenbezogener Daten zu ergreifen.<\/p>\n<\/div><div class=\"fusion-title title fusion-title-4 fusion-sep-none fusion-title-text fusion-title-size-two\" style=\"--awb-margin-top-small:10px;--awb-margin-right-small:0px;--awb-margin-bottom-small:10px;--awb-margin-left-small:0px;\"><h2 class=\"fusion-title-heading title-heading-left fusion-responsive-typography-calculated\" style=\"margin:0;--fontSize:32;line-height:1.1;\"><h2 class=\"title-heading-left fusion-live-editable medium-editor-element\" role=\"textbox\" contenteditable=\"true\" spellcheck=\"true\" data-inline-parent-cid=\"11\" data-inline-override-color=\"text_color\" data-inline-override-font-size=\"font_size\" data-inline-override-line-height=\"line_height\" data-inline-override-letter-spacing=\"letter_spacing\" data-inline-override-tag=\"size\" data-toolbar=\"full\" data-param=\"element_content\" data-medium-editor-element=\"true\" aria-multiline=\"true\" data-medium-editor-editor-index=\"6\" data-placeholder=\"Your Content Goes Here\" data-medium-focused=\"true\">3. wie lamaro ihre pers\u00f6nlichen daten sch\u00fctzt<\/h2><\/h2><\/div><div class=\"fusion-text fusion-text-4 fusion-text-no-margin\" style=\"--awb-content-alignment:justify;--awb-margin-bottom:40px;\"><p>Lamaro setzt sich sehr f\u00fcr den Schutz Ihrer pers\u00f6nlichen Daten ein und hat branchen\u00fcbliche Praktiken zur Sicherung Ihrer pers\u00f6nlichen Daten \u00fcbernommen, um unbefugten Zugriff, Offenlegung, Nutzung, Ver\u00e4nderung, \u00c4nderung oder Verlust dieser Daten zu vermeiden.<\/p>\n<p>Wir ergreifen auch alle n\u00fctzlichen Vorsichtsma\u00dfnahmen, um sicherzustellen, dass unser Hosting-Unternehmen die Vertraulichkeit dieser Daten bewahrt, um zu verhindern, dass sie ver\u00e4ndert, beeintr\u00e4chtigt oder unbefugten Personen offengelegt werden.<\/p>\n<p>Lamaro hat au\u00dferdem folgende organisatorische Ma\u00dfnahmen ergriffen:<\/p>\n<p>(1) Wir treffen angemessene und erreichbare Ma\u00dfnahmen, um sicherzustellen, dass wir nur die minimale Menge an personenbezogenen Daten erfassen, die notwendig und relevant ist, um die jeweiligen Verarbeitungszwecke zu erf\u00fcllen.<\/p>\n<p>(2) Wir speichern Ihre personenbezogenen Daten nur so lange, wie dies im Hinblick auf die Zwecke, f\u00fcr die sie verarbeitet werden, streng erforderlich ist, es sei denn, die Aufbewahrung Ihrer Daten ist gesetzlich vorgeschrieben oder erlaubt. Wir speichern beispielsweise die Daten im Zusammenhang mit der Durchf\u00fchrung Ihrer Bestellungen f\u00fcr die Dauer der Aufbewahrung von Buchhaltungsinformationen, die gesetzlich vorgeschrieben sind, n\u00e4mlich bis zu 10 Jahre nach dem Handelsjahr, in dem die Transaktionen stattfanden. <\/p>\n<p>(3) Wir setzen Zugriffskontrollmechanismen ein, um sicherzustellen, dass nur autorisiertes Personal auf Ihre personenbezogenen Daten zugreifen kann.<\/p>\n<p>Im Falle einer Verletzung des Datenschutzes wird Lamaro die f\u00fcr die Benachrichtigung der zust\u00e4ndigen Beh\u00f6rden und\/oder der betroffenen Daten betroffenen Personen geltenden Gesetze und Vorschriften einhalten.<\/p>\n<\/div><div class=\"fusion-title title fusion-title-5 fusion-sep-none fusion-title-text fusion-title-size-two\" style=\"--awb-margin-top-small:10px;--awb-margin-right-small:0px;--awb-margin-bottom-small:10px;--awb-margin-left-small:0px;\"><h2 class=\"fusion-title-heading title-heading-left fusion-responsive-typography-calculated\" style=\"margin:0;--fontSize:32;line-height:1.1;\"><h2 class=\"title-heading-left fusion-live-editable medium-editor-element\" role=\"textbox\" contenteditable=\"true\" spellcheck=\"true\" data-inline-parent-cid=\"11\" data-inline-override-color=\"text_color\" data-inline-override-font-size=\"font_size\" data-inline-override-line-height=\"line_height\" data-inline-override-letter-spacing=\"letter_spacing\" data-inline-override-tag=\"size\" data-toolbar=\"full\" data-param=\"element_content\" data-medium-editor-element=\"true\" aria-multiline=\"true\" data-medium-editor-editor-index=\"6\" data-placeholder=\"Your Content Goes Here\" data-medium-focused=\"true\">4. wie sie ihre rechte in bezug auf Ihre pers\u00f6nlichen daten aus\u00fcben k\u00f6nnen<\/h2><\/h2><\/div><div class=\"fusion-text fusion-text-5 fusion-text-no-margin\" style=\"--awb-content-alignment:justify;--awb-margin-bottom:40px;\"><p>Sie haben das Recht auf Zugang, Berichtigung, L\u00f6schung, Einschr\u00e4nkung der Verarbeitung, Widerspruch gegen die Verarbeitung Ihrer personenbezogenen Daten, das Recht, Anweisungen hinsichtlich des Schicksals Ihrer personenbezogenen Daten nach Ihrem Tod zu erteilen, und das Recht auf Daten\u00fcbertragbarkeit.<\/p>\n<p>Sie k\u00f6nnen uns jederzeit unter den in der Rubrik \u201eSo kontaktieren Sie uns\u201c unten angegebenen Adressen kontaktieren, um Ihre Rechte in Bezug auf Ihre personenbezogenen Daten gem\u00e4\u00df den Bestimmungen der geltenden Vorschriften auszu\u00fcben. Sie m\u00fcssen angeben, welches Recht Sie aus\u00fcben m\u00f6chten, sowie alle Details angeben, die erforderlich sind, um uns zu erm\u00f6glichen, auf Ihre Anfrage zu antworten. <\/p>\n<p>Diese Rechte m\u00fcssen gem\u00e4\u00df den Bestimmungen der geltenden Vorschriften ausge\u00fcbt werden.<\/p>\n<ul>\n<li>Das Recht auf Zugang bedeutet, dass Sie uns jederzeit fragen k\u00f6nnen, ob wir Ihre personenbezogenen Daten verarbeiten, und Sie dar\u00fcber informieren k\u00f6nnen, welche personenbezogenen Daten wir \u00fcber Sie halten, falls vorhanden, und die Merkmale der Verarbeitung.<\/li>\n<li>Das Recht auf Berichtigung Ihrer Daten bedeutet, dass Sie uns auffordern k\u00f6nnen, Ihre personenbezogenen Daten zu korrigieren, wenn sie ungenau sind. Wenn Ihre personenbezogenen Daten unvollst\u00e4ndig sind, k\u00f6nnen Sie auch verlangen, dass wir sie vervollst\u00e4ndigen, soweit dies im Hinblick auf den Zweck, f\u00fcr den die Daten verarbeitet werden, relevant ist. <\/li>\n<li>Das Recht auf Vergessenwerden bedeutet, dass Sie uns bitten k\u00f6nnen, Ihre personenbezogenen Daten zu l\u00f6schen, insbesondere wenn: (i) deren Aufbewahrung f\u00fcr die Zwecke, f\u00fcr die sie erfasst wurden, nicht mehr erforderlich ist, (ii) Ihre personenbezogenen Daten auf Grundlage Ihrer Einwilligung verarbeitet werden, Sie diese Einwilligung widerrufen m\u00f6chten und es keine andere rechtliche Grundlage gibt, die diese Verarbeitung rechtfertigen k\u00f6nnte, (iii) Sie der Verarbeitung Ihrer personenbezogenen Daten widersprochen haben und daher m\u00f6chten, dass sie gel\u00f6scht werden, (iv) Ihre personenbezogenen Daten unrechtm\u00e4\u00dfig verarbeitet wurden, (v) Ihre personenbezogenen Daten gel\u00f6scht werden m\u00fcssen, um einer rechtlichen Verpflichtung gem\u00e4\u00df dem Recht der Europ\u00e4ischen Union oder dem franz\u00f6sischen Recht nachzukommen.     <\/li>\n<li>Das Recht auf Einschr\u00e4nkung der Verarbeitung Ihrer personenbezogenen Daten bedeutet, dass Sie uns auffordern k\u00f6nnen, die Verarbeitung Ihrer personenbezogenen Daten einzuschr\u00e4nken (i) wenn Sie die Genauigkeit Ihrer personenbezogenen Daten bestreiten, \u00fcber einen Zeitraum, der uns erm\u00f6glicht, die Genauigkeit Ihrer Daten zu \u00fcberpr\u00fcfen, (ii) wenn Sie im Zusammenhang mit einer Verarbeitung Ihrer Daten, die als nicht konform erachtet wird, die Verarbeitung Ihrer Daten auf eine vollst\u00e4ndige L\u00f6schung Ihrer personenbezogenen Daten beschr\u00e4nken m\u00f6chten, (iii) wenn wir Ihre personenbezogenen Daten nicht mehr f\u00fcr die Zwecke der Verarbeitung ben\u00f6tigen, aber unser fortgesetzter Besitz noch erforderlich ist, damit Sie Ihre Rechte vor Gericht geltend machen, aus\u00fcben oder verteidigen k\u00f6nnen, (iv) wenn Sie der Verarbeitung Ihrer personenbezogenen Daten widersprochen haben und die Verarbeitung \u00fcber einen Zeitraum eingeschr\u00e4nkt werden soll, um uns zu erm\u00f6glichen, zu \u00fcberpr\u00fcfen, ob der von Ihnen geltend gemachte legitime Grund gerechtfertigt ist. Die Einschr\u00e4nkung der Verarbeitung Ihrer Daten bedeutet, dass die Verarbeitung Ihrer personenbezogenen Daten auf die Speicherung Ihrer personenbezogenen Daten beschr\u00e4nkt wird. Wir werden dann keine weiteren Operationen mit den betroffenen personenbezogenen Daten durchf\u00fchren.      <\/li>\n<li>Das Widerspruchsrecht bedeutet, dass Sie der Verarbeitung Ihrer personenbezogenen Daten widersprechen k\u00f6nnen, wenn diese Verarbeitung auf den berechtigten Interessen von Lamaro beruht. Das Widerspruchsrecht kann nur aus legitimen Gr\u00fcnden, die mit Ihrer pers\u00f6nlichen Situation zusammenh\u00e4ngen, ausge\u00fcbt werden. Wir werden dann die betreffende Verarbeitung einstellen, es sei denn, es gibt legitime und \u00fcberwiegende Gr\u00fcnde, die ihre Fortsetzung im Einklang mit den geltenden Vorschriften rechtfertigen.  <\/li>\n<li>Das Recht, Anweisungen f\u00fcr das Schicksal Ihrer Daten nach Ihrem Tod zu erteilen, bedeutet, dass Sie Anweisungen zur Aufbewahrung, L\u00f6schung und Offenlegung Ihrer personenbezogenen Daten nach Ihrem Tod erteilen k\u00f6nnen.<\/li>\n<li>Das Recht auf Daten\u00fcbertragbarkeit bedeutet, dass Sie uns gem\u00e4\u00df den Bestimmungen der geltenden Vorschriften bitten k\u00f6nnen, Ihnen die personenbezogenen Daten zur Verf\u00fcgung zu stellen, die wir \u00fcber Sie haben, in einem g\u00e4ngigen, strukturierten und maschinenlesbaren Format, und es Ihnen oder direkt einem von Ihnen benannten Dritten zu senden, sofern dies rechtlich und technisch m\u00f6glich ist.<\/li>\n<\/ul>\n<p>Wenn wir Ihre personenbezogenen Daten auf Grundlage Ihrer Einwilligung verarbeiten, haben Sie das Recht, Ihre Einwilligung jederzeit zu widerrufen, indem Sie an die in der Rubrik \u201eSo kontaktieren Sie uns\u201c genannten Adressen schreiben oder auf den Abmeldelink in jeder unserer Marketingkommunikationen klicken, falls zutreffend.<\/p>\n<p>Der Widerruf Ihrer Einwilligung beeintr\u00e4chtigt jedoch nicht die Rechtm\u00e4\u00dfigkeit der vor diesem Widerruf durchgef\u00fchrten Datenverarbeitung.<\/p>\n<\/div><div class=\"fusion-title title fusion-title-6 fusion-sep-none fusion-title-text fusion-title-size-two\" style=\"--awb-margin-top-small:10px;--awb-margin-right-small:0px;--awb-margin-bottom-small:10px;--awb-margin-left-small:0px;\"><h2 class=\"fusion-title-heading title-heading-left fusion-responsive-typography-calculated\" style=\"margin:0;--fontSize:32;line-height:1.1;\"><h2 class=\"title-heading-left fusion-live-editable medium-editor-element\" role=\"textbox\" contenteditable=\"true\" spellcheck=\"true\" data-inline-parent-cid=\"11\" data-inline-override-color=\"text_color\" data-inline-override-font-size=\"font_size\" data-inline-override-line-height=\"line_height\" data-inline-override-letter-spacing=\"letter_spacing\" data-inline-override-tag=\"size\" data-toolbar=\"full\" data-param=\"element_content\" data-medium-editor-element=\"true\" aria-multiline=\"true\" data-medium-editor-editor-index=\"6\" data-placeholder=\"Your Content Goes Here\" data-medium-focused=\"true\">5. die regeln f\u00fcr aktualisierungen dieser datenschutzerkl\u00e4rung<\/h2><\/h2><\/div><div class=\"fusion-text fusion-text-6 fusion-text-no-margin\" style=\"--awb-content-alignment:justify;--awb-margin-bottom:40px;\"><p>Lamaro ist berechtigt, diese Datenschutzerkl\u00e4rung ganz oder teilweise jederzeit zu \u00e4ndern oder zu aktualisieren, aufgrund von \u00c4nderungen in den geltenden Datenschutzbestimmungen oder der Art der von ihr durchgef\u00fchrten Datenverarbeitung.<\/p>\n<p>Wenn Sie uns eine g\u00fcltige E-Mail-Adresse mitgeteilt haben, informieren wir Sie per E-Mail \u00fcber wesentliche \u00c4nderungen dieser Datenschutzerkl\u00e4rung, die auch auf der Website ver\u00f6ffentlicht wird. Wir empfehlen Ihnen, diese Datenschutzerkl\u00e4rung regelm\u00e4\u00dfig zu konsultieren, um sich vollst\u00e4ndig \u00fcber unsere Verpflichtungen in Bezug auf Sicherheit und Schutz Ihrer personenbezogenen Daten im Klaren zu sein.<\/p>\n<\/div><div class=\"fusion-title title fusion-title-7 fusion-sep-none fusion-title-text fusion-title-size-two\" style=\"--awb-margin-top-small:10px;--awb-margin-right-small:0px;--awb-margin-bottom-small:10px;--awb-margin-left-small:0px;\"><h2 class=\"fusion-title-heading title-heading-left fusion-responsive-typography-calculated\" style=\"margin:0;--fontSize:32;line-height:1.1;\"><h2 class=\"title-heading-left fusion-live-editable medium-editor-element\" role=\"textbox\" contenteditable=\"true\" spellcheck=\"true\" data-inline-parent-cid=\"11\" data-inline-override-color=\"text_color\" data-inline-override-font-size=\"font_size\" data-inline-override-line-height=\"line_height\" data-inline-override-letter-spacing=\"letter_spacing\" data-inline-override-tag=\"size\" data-toolbar=\"full\" data-param=\"element_content\" data-medium-editor-element=\"true\" aria-multiline=\"true\" data-medium-editor-editor-index=\"6\" data-placeholder=\"Your Content Goes Here\" data-medium-focused=\"true\">6. how to contact us<\/h2><\/h2><\/div><div class=\"fusion-text fusion-text-7 fusion-text-no-margin\" style=\"--awb-content-alignment:justify;--awb-margin-bottom:40px;\"><p>Wie Sie uns kontaktieren k\u00f6nnen. Wenn Sie Fragen, Kommentare oder Vorschl\u00e4ge haben, k\u00f6nnen Sie uns kontaktieren, indem Sie einen Brief mit geeigneten Nachweisen Ihrer Identit\u00e4t an Lamaro GmbH, Dennlerstrasse 4, 8048 Z\u00fcrich, Schweiz, senden oder eine E-Mail an <a href=\"mailto:contact@https:\/\/lamaro-designs.com\">contact@lamaro-designs.com<\/a> schreiben.<\/p>\n<\/div><div class=\"fusion-title title fusion-title-8 fusion-sep-none fusion-title-text fusion-title-size-two\" style=\"--awb-margin-top-small:10px;--awb-margin-right-small:0px;--awb-margin-bottom-small:10px;--awb-margin-left-small:0px;\"><h2 class=\"fusion-title-heading title-heading-left fusion-responsive-typography-calculated\" style=\"margin:0;--fontSize:32;line-height:1.1;\"><h2 class=\"title-heading-left fusion-live-editable medium-editor-element\" role=\"textbox\" contenteditable=\"true\" spellcheck=\"true\" data-inline-parent-cid=\"11\" data-inline-override-color=\"text_color\" data-inline-override-font-size=\"font_size\" data-inline-override-line-height=\"line_height\" data-inline-override-letter-spacing=\"letter_spacing\" data-inline-override-tag=\"size\" data-toolbar=\"full\" data-param=\"element_content\" data-medium-editor-element=\"true\" aria-multiline=\"true\" data-medium-editor-editor-index=\"6\" data-placeholder=\"Your Content Goes Here\" data-medium-focused=\"true\">erkl\u00e4rung zum geistigen eigentum<\/h2><\/h2><\/div><div class=\"fusion-text fusion-text-8 fusion-text-no-margin\" style=\"--awb-content-alignment:justify;--awb-margin-bottom:40px;\"><p>Alle Marken, Fotografien, Texte, Kommentare, Illustrationen, animierten oder stillen Bilder, Videosequenzen, Kl\u00e4nge und alle Softwareanwendungen, die zur Betreibung der Website verwendet werden k\u00f6nnen, und im Allgemeinen alle auf der Website reproduzierten oder verwendeten Elemente sind durch die geltenden Gesetze zum geistigen Eigentum gesch\u00fctzt.<\/p>\n<p>Sie geh\u00f6ren vollst\u00e4ndig dem Herausgeber oder ihren Partnern, es sei denn, es ist anders angegeben. Jegliche Vervielf\u00e4ltigung, Darstellung, Nutzung oder Anpassung, in welcher Form auch immer, dieser Elemente, einschlie\u00dflich der Softwareanwendungen, ohne die vorherige schriftliche Zustimmung des Herausgebers, ist strengstens untersagt. <\/p>\n<p>Kein Inhalt darf ohne die vorherige Genehmigung des Herausgebers oder des Inhabers der Rechte an dem betreffenden Inhalt kopiert werden.<\/p>\n<\/div><\/div><\/div><\/div><\/div>\n","protected":false},"excerpt":{"rendered":"","protected":false},"author":1,"featured_media":5541,"parent":0,"menu_order":0,"comment_status":"closed","ping_status":"open","template":"100-width.php","meta":{"_acf_changed":false,"footnotes":""},"class_list":["post-7700","page","type-page","status-publish","has-post-thumbnail","hentry"],"acf":[],"_links":{"self":[{"href":"https:\/\/lamaro-designs.com\/de\/wp-json\/wp\/v2\/pages\/7700","targetHints":{"allow":["GET"]}}],"collection":[{"href":"https:\/\/lamaro-designs.com\/de\/wp-json\/wp\/v2\/pages"}],"about":[{"href":"https:\/\/lamaro-designs.com\/de\/wp-json\/wp\/v2\/types\/page"}],"author":[{"embeddable":true,"href":"https:\/\/lamaro-designs.com\/de\/wp-json\/wp\/v2\/users\/1"}],"replies":[{"embeddable":true,"href":"https:\/\/lamaro-designs.com\/de\/wp-json\/wp\/v2\/comments?post=7700"}],"version-history":[{"count":6,"href":"https:\/\/lamaro-designs.com\/de\/wp-json\/wp\/v2\/pages\/7700\/revisions"}],"predecessor-version":[{"id":7707,"href":"https:\/\/lamaro-designs.com\/de\/wp-json\/wp\/v2\/pages\/7700\/revisions\/7707"}],"wp:featuredmedia":[{"embeddable":true,"href":"https:\/\/lamaro-designs.com\/de\/wp-json\/wp\/v2\/media\/5541"}],"wp:attachment":[{"href":"https:\/\/lamaro-designs.com\/de\/wp-json\/wp\/v2\/media?parent=7700"}],"curies":[{"name":"wp","href":"https:\/\/api.w.org\/{rel}","templated":true}]}}