{"id":7989,"date":"2025-10-28T04:42:43","date_gmt":"2025-10-28T04:42:43","guid":{"rendered":"https:\/\/dev.lamaro-designs.com\/versand\/"},"modified":"2025-11-26T22:08:41","modified_gmt":"2025-11-26T22:08:41","slug":"versand-rueckgabe","status":"publish","type":"page","link":"https:\/\/lamaro-designs.com\/de\/versand-rueckgabe\/","title":{"rendered":"Versand"},"content":{"rendered":"<div class=\"fusion-fullwidth fullwidth-box fusion-builder-row-1 fusion-flex-container has-pattern-background has-mask-background hundred-percent-fullwidth non-hundred-percent-height-scrolling\" style=\"--awb-background-position:left top;--awb-border-sizes-top:0px;--awb-border-sizes-bottom:0px;--awb-border-sizes-left:0px;--awb-border-sizes-right:0px;--awb-border-radius-top-left:0px;--awb-border-radius-top-right:0px;--awb-border-radius-bottom-right:0px;--awb-border-radius-bottom-left:0px;--awb-padding-top:0px;--awb-padding-bottom:100px;--awb-padding-top-small:100px;--awb-padding-bottom-small:100px;--awb-flex-wrap:wrap;\" ><div class=\"fusion-builder-row fusion-row fusion-flex-align-items-center fusion-flex-justify-content-space-around fusion-flex-content-wrap\" style=\"width:104% !important;max-width:104% !important;margin-left: calc(-4% \/ 2 );margin-right: calc(-4% \/ 2 );\"><div class=\"fusion-layout-column fusion_builder_column fusion-builder-column-0 fusion_builder_column_2_5 2_5 fusion-flex-column fusion-column-no-min-height\" style=\"--awb-bg-blend:overlay;--awb-bg-size:cover;--awb-width-large:40%;--awb-margin-top-large:0px;--awb-spacing-right-large:4.8%;--awb-margin-bottom-large:0px;--awb-spacing-left-large:4.8%;--awb-width-medium:60%;--awb-spacing-right-medium:3.2%;--awb-spacing-left-medium:3.2%;--awb-width-small:100%;--awb-spacing-right-small:1.92%;--awb-margin-bottom-small:30px;--awb-spacing-left-small:1.92%;\"><div class=\"fusion-column-wrapper fusion-flex-justify-content-flex-start fusion-content-layout-column\"><div class=\"fusion-title title fusion-title-1 fusion-sep-none fusion-title-text fusion-title-size-two\" style=\"--awb-margin-bottom:30px;--awb-margin-top-small:10px;--awb-margin-right-small:0px;--awb-margin-bottom-small:10px;--awb-margin-left-small:0px;--awb-font-size:2.5em;\"><h2 class=\"fusion-title-heading title-heading-left fusion-responsive-typography-calculated\" style=\"margin:0;font-size:1em;--fontSize:40;line-height:1.1;\">shipping<\/h2><\/div><div class=\"fusion-title title fusion-title-2 fusion-sep-none fusion-title-text fusion-title-size-three\" style=\"--awb-margin-bottom:30px;--awb-margin-top-small:10px;--awb-margin-right-small:0px;--awb-margin-bottom-small:10px;--awb-margin-left-small:0px;\"><h3 class=\"fusion-title-heading title-heading-left fusion-responsive-typography-calculated\" style=\"margin:0;--fontSize:32;line-height:1.13;\">Verf\u00fcgbarkeit der Produkte<\/h3><\/div><div class=\"fusion-text fusion-text-1 fusion-text-no-margin\" style=\"--awb-content-alignment:justify;--awb-margin-bottom:40px;\"><p>Die Verf\u00fcgbarkeit der Produkte wird zum Zeitpunkt der Bestellung angezeigt.<\/p>\n<p>Jedes Produkt wird jedoch auf Anfrage von den Lieferanten des Unternehmens hergestellt, daher k\u00f6nnen Fehler oder \u00c4nderungen auftreten, wie z.B. bei Lagerausf\u00e4llen von Rohstoffen bei einem Lieferanten des Unternehmens oder aufgrund einer gro\u00dfen Anzahl von Bestellungen f\u00fcr dasselbe Produkt.<\/p>\n<p>Sollte ein Produkt nach der Bestellung nicht verf\u00fcgbar sein, informiert das Unternehmen den Kunden so schnell wie m\u00f6glich und bietet entweder an, das bestellte Produkt durch ein anderes Produkt zu ersetzen oder die Bestellung zu stornieren und eine R\u00fcckerstattung auszustellen.<\/p>\n<\/div><div class=\"fusion-title title fusion-title-3 fusion-sep-none fusion-title-text fusion-title-size-three\" style=\"--awb-margin-bottom:30px;--awb-margin-top-small:10px;--awb-margin-right-small:0px;--awb-margin-bottom-small:10px;--awb-margin-left-small:0px;\"><h3 class=\"fusion-title-heading title-heading-left fusion-responsive-typography-calculated\" style=\"margin:0;--fontSize:32;line-height:1.13;\">Lieferung der Produkte<\/h3><\/div><div class=\"fusion-text fusion-text-2 fusion-text-no-margin\" style=\"--awb-content-alignment:justify;--awb-margin-bottom:40px;\"><p>Die L\u00e4nder, in die Produkte geliefert werden k\u00f6nnen, werden auf der Website aufgef\u00fchrt, sobald die Bestellung aufgegeben wird. Au\u00dferhalb dieser Lieferziele ist das Unternehmen berechtigt, eine Bestellung abzulehnen oder sie nur nach Vereinbarung der Versandkosten zu akzeptieren, die durch diese Lieferung entstehen. Die Lieferkosten und -beschr\u00e4nkungen werden w\u00e4hrend des Bestellvorgangs angegeben.<\/p>\n<p>Die Lieferungen erfolgen durch den Kurier, der die Produkte auf einer Transportpalette vor dem Wohnblock oder dem vom Kunden bei der Bestellung angegebenen Haus ablegt. Alle Lieferungen innerhalb des Geb\u00e4udes oder des Domizils des Kunden unterliegen personalisierten Angeboten, die vom Kunden akzeptiert werden m\u00fcssen, um ihre Bestellung zu best\u00e4tigen. Im Falle einer versp\u00e4teten Lieferung aufgrund unvorhersehbarer Umst\u00e4nde sollte der Kunde das Unternehmen kontaktieren, um die zus\u00e4tzliche Zeit f\u00fcr die Lieferung zu erfragen.<\/p>\n<p>Sollte die Lieferung nach Ablauf des dem Kunden mitgeteilten zus\u00e4tzlichen Zeitrahmens nicht erfolgt sein, kann der Kunde seine Bestellung schriftlich beim Unternehmen stornieren. Der Kunde wird dann innerhalb von vierzehn Tagen nach Eingang des Stornierungsantrags beim Unternehmen erstattet. Die Kunden m\u00fcssen jedoch sicherstellen, dass die Lieferinformationen, die sie dem Unternehmen zur Verf\u00fcgung stellen, korrekt sind und korrekt bleiben, bis die bestellten Produkte vollst\u00e4ndig erhalten wurden.<\/p>\n<p>Die Kunden verpflichten sich daher, das Unternehmen \u00fcber jede \u00c4nderung ihrer Lieferadresse und Kontaktdaten zu informieren, die zwischen der Bestellung und der Lieferung auftritt, indem sie sofort eine E-Mail an die E-Mail-Adresse der Kundendienstabteilung des Unternehmens senden. Andernfalls haftet das Unternehmen nicht f\u00fcr Lieferverz\u00f6gerungen oder -fehler. Sollte es nicht m\u00f6glich sein, die Produkte aufgrund der Nichteinhaltung der oben genannten Lieferbeschr\u00e4nkungen bei der Bestellung durch den Kunden zu liefern, kann der Kunde seine Bestellung pers\u00f6nlich im Lager des n\u00e4chstgelegenen Kuriers abholen oder zus\u00e4tzliche Lieferkosten tragen.<\/p>\n<p>Das Unternehmen lehnt hiermit jede Haftung ab, wenn das Vers\u00e4umnis, die Produkte zu erhalten oder ihre versp\u00e4tete Lieferung auf Umst\u00e4nden h\u00f6herer Gewalt beruht, wie sie vom anwendbaren Recht und den Gerichtsentscheidungen definiert werden, oder auf Verantwortlichkeit des Kunden.<\/p>\n<\/div><div class=\"fusion-title title fusion-title-4 fusion-sep-none fusion-title-text fusion-title-size-three\" style=\"--awb-margin-bottom:30px;--awb-margin-top-small:10px;--awb-margin-right-small:0px;--awb-margin-bottom-small:10px;--awb-margin-left-small:0px;\"><h3 class=\"fusion-title-heading title-heading-left fusion-responsive-typography-calculated\" style=\"margin:0;--fontSize:32;line-height:1.13;\">Annahme der Produkte<\/h3><\/div><div class=\"fusion-text fusion-text-3 fusion-text-no-margin\" style=\"--awb-content-alignment:justify;--awb-margin-bottom:40px;\"><p>Die L\u00e4nder, in die Produkte geliefert werden k\u00f6nnen, werden auf der Website aufgef\u00fchrt, sobald die Bestellung aufgegeben wird. Au\u00dferhalb dieser Lieferziele ist das Unternehmen berechtigt, eine Bestellung abzulehnen oder sie nur nach Vereinbarung der Versandkosten zu akzeptieren, die durch diese Lieferung entstehen. Die Lieferkosten und -beschr\u00e4nkungen werden w\u00e4hrend des Bestellvorgangs angegeben.<\/p>\n<p>Die Lieferungen erfolgen durch den Kurier, der die Produkte auf einer Transportpalette vor dem Wohnblock oder dem vom Kunden bei der Bestellung angegebenen Haus ablegt. Alle Lieferungen innerhalb des Geb\u00e4udes oder des Domizils des Kunden unterliegen personalisierten Angeboten, die vom Kunden akzeptiert werden m\u00fcssen, um ihre Bestellung zu best\u00e4tigen. Im Falle einer versp\u00e4teten Lieferung aufgrund unvorhersehbarer Umst\u00e4nde sollte der Kunde das Unternehmen kontaktieren, um die zus\u00e4tzliche Zeit f\u00fcr die Lieferung zu erfragen.<\/p>\n<p>Sollte die Lieferung nach Ablauf des dem Kunden mitgeteilten zus\u00e4tzlichen Zeitrahmens nicht erfolgt sein, kann der Kunde seine Bestellung schriftlich beim Unternehmen stornieren. Der Kunde wird dann innerhalb von vierzehn Tagen nach Eingang des Stornierungsantrags beim Unternehmen erstattet. Die Kunden m\u00fcssen jedoch sicherstellen, dass die Lieferinformationen, die sie dem Unternehmen zur Verf\u00fcgung stellen, korrekt sind und korrekt bleiben, bis die bestellten Produkte vollst\u00e4ndig erhalten wurden.<\/p>\n<p>Die Kunden verpflichten sich daher, das Unternehmen \u00fcber jede \u00c4nderung ihrer Lieferadresse und Kontaktdaten zu informieren, die zwischen der Bestellung und der Lieferung auftritt, indem sie sofort eine E-Mail an die E-Mail-Adresse der Kundendienstabteilung des Unternehmens senden. Andernfalls haftet das Unternehmen nicht f\u00fcr Lieferverz\u00f6gerungen oder -fehler. Sollte es nicht m\u00f6glich sein, die Produkte aufgrund der Nichteinhaltung der oben genannten Lieferbeschr\u00e4nkungen bei der Bestellung durch den Kunden zu liefern, kann der Kunde seine Bestellung pers\u00f6nlich im Lager des n\u00e4chstgelegenen Kuriers abholen oder zus\u00e4tzliche Lieferkosten tragen.<\/p>\n<p>Das Unternehmen lehnt hiermit jede Haftung ab, wenn das Vers\u00e4umnis, die Produkte zu erhalten oder ihre versp\u00e4tete Lieferung auf Umst\u00e4nden h\u00f6herer Gewalt beruht, wie sie vom anwendbaren Recht und den Gerichtsentscheidungen definiert werden, oder auf Verantwortlichkeit des Kunden.<\/p>\n<\/div><\/div><\/div><\/div><\/div>\n","protected":false},"excerpt":{"rendered":"","protected":false},"author":1,"featured_media":7978,"parent":0,"menu_order":0,"comment_status":"closed","ping_status":"closed","template":"100-width.php","meta":{"_acf_changed":false,"footnotes":""},"class_list":["post-7989","page","type-page","status-publish","has-post-thumbnail","hentry"],"acf":[],"_links":{"self":[{"href":"https:\/\/lamaro-designs.com\/de\/wp-json\/wp\/v2\/pages\/7989","targetHints":{"allow":["GET"]}}],"collection":[{"href":"https:\/\/lamaro-designs.com\/de\/wp-json\/wp\/v2\/pages"}],"about":[{"href":"https:\/\/lamaro-designs.com\/de\/wp-json\/wp\/v2\/types\/page"}],"author":[{"embeddable":true,"href":"https:\/\/lamaro-designs.com\/de\/wp-json\/wp\/v2\/users\/1"}],"replies":[{"embeddable":true,"href":"https:\/\/lamaro-designs.com\/de\/wp-json\/wp\/v2\/comments?post=7989"}],"version-history":[{"count":3,"href":"https:\/\/lamaro-designs.com\/de\/wp-json\/wp\/v2\/pages\/7989\/revisions"}],"predecessor-version":[{"id":8085,"href":"https:\/\/lamaro-designs.com\/de\/wp-json\/wp\/v2\/pages\/7989\/revisions\/8085"}],"wp:featuredmedia":[{"embeddable":true,"href":"https:\/\/lamaro-designs.com\/de\/wp-json\/wp\/v2\/media\/7978"}],"wp:attachment":[{"href":"https:\/\/lamaro-designs.com\/de\/wp-json\/wp\/v2\/media?parent=7989"}],"curies":[{"name":"wp","href":"https:\/\/api.w.org\/{rel}","templated":true}]}}