{"id":6008,"date":"2025-10-29T22:47:46","date_gmt":"2025-10-29T22:47:46","guid":{"rendered":"https:\/\/dev.lamaro-designs.com\/shop\/keeper-sadelite-wuerfel-aus-marmor\/"},"modified":"2025-11-06T06:06:30","modified_gmt":"2025-11-06T06:06:30","slug":"keeper-sadelite","status":"publish","type":"product","link":"https:\/\/lamaro-designs.com\/de\/shop\/keeper-sadelite\/","title":{"rendered":"keeper sadelite \u2013 w\u00fcrfel aus marmor"},"content":{"rendered":"<p>The Keeper \u2013 a piece of furniture that combines aesthetic elegance, minimalist charm, and impressive character while also providing practical functionality. This makes it a valuable addition to any living space. This makes it a valuable addition to any living space. The marble cube is made from 100% natural stone and stands out with its 2 \u2013 2.5 cm thick slabs. Der Keeper fungiert nahtlos als Beistelltisch, Couchtisch oder fesselndes Kunstobjekt, w\u00e4hrend seine grossz\u00fcgige Oberfl\u00e4che ausreichend Platz bietet, um bedeutende Objekte zu pr\u00e4sentieren oder allein zu gl\u00e4nzen.   <\/p>\n","protected":false},"excerpt":{"rendered":"<p>The Keeper \u2013 a piece of furniture that combines aesthetic elegance, minimalist charm, and impressive character while also providing practical functionality. This makes it a valuable addition to any living space. This makes it a valuable addition to any living space. The marble cube is made from 100% natural stone and stands out with its<\/p>\n","protected":false},"featured_media":5985,"template":"","meta":{"_acf_changed":false},"product_brand":[],"product_cat":[211],"product_tag":[],"class_list":{"0":"post-6008","1":"product","2":"type-product","3":"status-publish","4":"has-post-thumbnail","6":"product_cat-keeper","7":"pa_material-quarzit-sadelite","9":"first","10":"instock","11":"shipping-taxable","12":"purchasable","13":"product-type-simple"},"acf":[],"_links":{"self":[{"href":"https:\/\/lamaro-designs.com\/de\/wp-json\/wp\/v2\/product\/6008","targetHints":{"allow":["GET"]}}],"collection":[{"href":"https:\/\/lamaro-designs.com\/de\/wp-json\/wp\/v2\/product"}],"about":[{"href":"https:\/\/lamaro-designs.com\/de\/wp-json\/wp\/v2\/types\/product"}],"wp:featuredmedia":[{"embeddable":true,"href":"https:\/\/lamaro-designs.com\/de\/wp-json\/wp\/v2\/media\/5985"}],"wp:attachment":[{"href":"https:\/\/lamaro-designs.com\/de\/wp-json\/wp\/v2\/media?parent=6008"}],"wp:term":[{"taxonomy":"product_brand","embeddable":true,"href":"https:\/\/lamaro-designs.com\/de\/wp-json\/wp\/v2\/product_brand?post=6008"},{"taxonomy":"product_cat","embeddable":true,"href":"https:\/\/lamaro-designs.com\/de\/wp-json\/wp\/v2\/product_cat?post=6008"},{"taxonomy":"product_tag","embeddable":true,"href":"https:\/\/lamaro-designs.com\/de\/wp-json\/wp\/v2\/product_tag?post=6008"}],"curies":[{"name":"wp","href":"https:\/\/api.w.org\/{rel}","templated":true}]}}