{"id":6013,"date":"2025-11-03T01:26:48","date_gmt":"2025-11-03T01:26:48","guid":{"rendered":"https:\/\/dev.lamaro-designs.com\/shop\/aro-kerze-onyx-miel\/"},"modified":"2026-01-28T03:48:22","modified_gmt":"2026-01-28T03:48:22","slug":"aro-kerze-onyx-miel","status":"publish","type":"product","link":"https:\/\/lamaro-designs.com\/de\/shop\/aro-kerze-onyx-miel\/","title":{"rendered":"aro kerze \u2013 onyx miel"},"content":{"rendered":"<p>Diese handgefertigte Kerze aus mexikanischem Onyx Miel strahlt W\u00e4rme und zeitlose Eleganz aus. Ihre sanfte honigfarbene Maserung macht jedes St\u00fcck zu einem einzigartigen Statement. Gef\u00fcllt mit einer exklusiven Sojawachs-Komposition, verbindet sie die Best\u00e4ndigkeit des Steins mit dem Erlebnis von Licht und Duft. Nachdem die Kerze abgebrannt ist, bleibt der Steink\u00f6rper zur\u00fcck und kann auf vielf\u00e4ltige Weise wiederverwendet werden.<\/p>\n<p><strong>Duft Verveine: <\/strong>Eine exklusive Komposition von Lamaro, die die Frische von Zitrusfr\u00fcchten mit der Klarheit von Eisenkraut verbindet. Feine blumige Nuancen und subtile aromatische T\u00f6ne verleihen dem Duft eine helle, m\u00fchelose Eleganz.<\/p>\n<p><strong>hochwertige Verpackung: <\/strong>Jede Kerze kommt in einer Signature-Box, die ihr einzigartiges Design unterstreicht.<\/p>\n","protected":false},"excerpt":{"rendered":"<p>Diese handgefertigte Kerze aus mexikanischem Onyx Miel strahlt W\u00e4rme und zeitlose Eleganz aus. Ihre sanfte honigfarbene Maserung macht jedes St\u00fcck zu einem einzigartigen Statement. Gef\u00fcllt mit einer exklusiven Sojawachs-Komposition, verbindet sie die Best\u00e4ndigkeit des Steins mit dem Erlebnis von Licht und Duft. Nachdem die Kerze abgebrannt ist, bleibt der Steink\u00f6rper zur\u00fcck und kann auf vielf\u00e4ltige<\/p>\n","protected":false},"featured_media":5822,"template":"","meta":{"_acf_changed":false},"product_brand":[],"product_cat":[210],"product_tag":[],"class_list":{"0":"post-6013","1":"product","2":"type-product","3":"status-publish","4":"has-post-thumbnail","6":"product_cat-kerzen","7":"pa_material-onyx-miel","9":"first","10":"instock","11":"shipping-taxable","12":"purchasable","13":"product-type-simple"},"acf":[],"_links":{"self":[{"href":"https:\/\/lamaro-designs.com\/de\/wp-json\/wp\/v2\/product\/6013","targetHints":{"allow":["GET"]}}],"collection":[{"href":"https:\/\/lamaro-designs.com\/de\/wp-json\/wp\/v2\/product"}],"about":[{"href":"https:\/\/lamaro-designs.com\/de\/wp-json\/wp\/v2\/types\/product"}],"wp:featuredmedia":[{"embeddable":true,"href":"https:\/\/lamaro-designs.com\/de\/wp-json\/wp\/v2\/media\/5822"}],"wp:attachment":[{"href":"https:\/\/lamaro-designs.com\/de\/wp-json\/wp\/v2\/media?parent=6013"}],"wp:term":[{"taxonomy":"product_brand","embeddable":true,"href":"https:\/\/lamaro-designs.com\/de\/wp-json\/wp\/v2\/product_brand?post=6013"},{"taxonomy":"product_cat","embeddable":true,"href":"https:\/\/lamaro-designs.com\/de\/wp-json\/wp\/v2\/product_cat?post=6013"},{"taxonomy":"product_tag","embeddable":true,"href":"https:\/\/lamaro-designs.com\/de\/wp-json\/wp\/v2\/product_tag?post=6013"}],"curies":[{"name":"wp","href":"https:\/\/api.w.org\/{rel}","templated":true}]}}