{"id":6029,"date":"2025-10-29T23:23:09","date_gmt":"2025-10-29T23:23:09","guid":{"rendered":"https:\/\/dev.lamaro-designs.com\/shop\/keeper-maya-wuerfel-aus-marmor\/"},"modified":"2025-11-06T06:02:37","modified_gmt":"2025-11-06T06:02:37","slug":"keeper-maya","status":"publish","type":"product","link":"https:\/\/lamaro-designs.com\/de\/shop\/keeper-maya\/","title":{"rendered":"keeper maya \u2013 w\u00fcrfel aus marmor"},"content":{"rendered":"<p>Der Keeper \u2013 ein M\u00f6belst\u00fcck, das \u00e4sthetische Eleganz, minimalistischen Charme und beeindruckenden Charakter vereint, dabei jedoch auch praktische Funktionalit\u00e4t bietet. Dies macht ihn zu einer wertvollen Erg\u00e4nzung f\u00fcr jeden Wohnraum. Der Marmorw\u00fcrfel ist aus 100% Naturstein hergestellt und sticht mit seinen 2 bis 2.5 cm dicken Platten hervor. Der Keeper fungiert nahtlos als Beistelltisch, Couchtisch oder fesselndes Kunstobjekt, w\u00e4hrend seine grossz\u00fcgige Oberfl\u00e4che ausreichend Platz bietet, um bedeutende Objekte zu pr\u00e4sentieren oder allein zu gl\u00e4nzen.   <\/p>\n","protected":false},"excerpt":{"rendered":"<p>Der Keeper \u2013 ein M\u00f6belst\u00fcck, das \u00e4sthetische Eleganz, minimalistischen Charme und beeindruckenden Charakter vereint, dabei jedoch auch praktische Funktionalit\u00e4t bietet. Dies macht ihn zu einer wertvollen Erg\u00e4nzung f\u00fcr jeden Wohnraum. Der Marmorw\u00fcrfel ist aus 100% Naturstein hergestellt und sticht mit seinen 2 bis 2.5 cm dicken Platten hervor. Der Keeper fungiert nahtlos als Beistelltisch, Couchtisch<\/p>\n","protected":false},"featured_media":6022,"template":"","meta":{"_acf_changed":false},"product_brand":[],"product_cat":[211],"product_tag":[],"class_list":{"0":"post-6029","1":"product","2":"type-product","3":"status-publish","4":"has-post-thumbnail","6":"product_cat-keeper","7":"pa_material-marmor-maya","9":"first","10":"instock","11":"shipping-taxable","12":"purchasable","13":"product-type-simple"},"acf":[],"_links":{"self":[{"href":"https:\/\/lamaro-designs.com\/de\/wp-json\/wp\/v2\/product\/6029","targetHints":{"allow":["GET"]}}],"collection":[{"href":"https:\/\/lamaro-designs.com\/de\/wp-json\/wp\/v2\/product"}],"about":[{"href":"https:\/\/lamaro-designs.com\/de\/wp-json\/wp\/v2\/types\/product"}],"wp:featuredmedia":[{"embeddable":true,"href":"https:\/\/lamaro-designs.com\/de\/wp-json\/wp\/v2\/media\/6022"}],"wp:attachment":[{"href":"https:\/\/lamaro-designs.com\/de\/wp-json\/wp\/v2\/media?parent=6029"}],"wp:term":[{"taxonomy":"product_brand","embeddable":true,"href":"https:\/\/lamaro-designs.com\/de\/wp-json\/wp\/v2\/product_brand?post=6029"},{"taxonomy":"product_cat","embeddable":true,"href":"https:\/\/lamaro-designs.com\/de\/wp-json\/wp\/v2\/product_cat?post=6029"},{"taxonomy":"product_tag","embeddable":true,"href":"https:\/\/lamaro-designs.com\/de\/wp-json\/wp\/v2\/product_tag?post=6029"}],"curies":[{"name":"wp","href":"https:\/\/api.w.org\/{rel}","templated":true}]}}