{"id":6198,"date":"2025-10-30T02:44:19","date_gmt":"2025-10-30T02:44:19","guid":{"rendered":"https:\/\/dev.lamaro-designs.com\/shop\/shaper-miel-beistelltisch-aus-marmor\/"},"modified":"2025-11-27T02:30:52","modified_gmt":"2025-11-27T02:30:52","slug":"shaper-miel","status":"publish","type":"product","link":"https:\/\/lamaro-designs.com\/de\/shop\/shaper-miel\/","title":{"rendered":"shaper miel \u2013 beistelltisch aus marmor"},"content":{"rendered":"<p>Der Shaper aus Onyx Miel verbindet warme Farbigkeit mit skulpturaler Eleganz. Die honigfarbenen Schattierungen und die nat\u00fcrliche Lichtdurchl\u00e4ssigkeit des Steins verleihen ihm eine ruhige Ausstrahlung und eine besondere Tiefe. Der Shaper f\u00fcgt isch harmonisch in unterschiedliche Raumkonzepte ein \u2013 ob im Wohnbereich, Schlafzimmer oder Eingangsbereich. Mit seinen 2 bis 2.5\u202fcm starken Onyxplatten ist er nicht nur visuell hochwertig, sondern auch in der Verarbeitung konsequent durchdacht.   <\/p>\n<p>Mach aus deinem Designobjekt eine Leuchte \u2013 mit dem <a href=\"https:\/\/lamaro-designs.com\/de\/shop\/onyx-lichtsockel\/\">Onyx Lichtsockel.<\/a><\/p>\n","protected":false},"excerpt":{"rendered":"<p>Der Shaper aus Onyx Miel verbindet warme Farbigkeit mit skulpturaler Eleganz. Die honigfarbenen Schattierungen und die nat\u00fcrliche Lichtdurchl\u00e4ssigkeit des Steins verleihen ihm eine ruhige Ausstrahlung und eine besondere Tiefe. Der Shaper f\u00fcgt isch harmonisch in unterschiedliche Raumkonzepte ein \u2013 ob im Wohnbereich, Schlafzimmer oder Eingangsbereich. Mit seinen 2 bis 2.5\u202fcm starken Onyxplatten ist er nicht<\/p>\n","protected":false},"featured_media":6179,"template":"","meta":{"_acf_changed":false},"product_brand":[],"product_cat":[212],"product_tag":[],"class_list":{"0":"post-6198","1":"product","2":"type-product","3":"status-publish","4":"has-post-thumbnail","6":"product_cat-shaper","7":"pa_material-onyx-miel","9":"first","10":"instock","11":"shipping-taxable","12":"purchasable","13":"product-type-simple"},"acf":[],"_links":{"self":[{"href":"https:\/\/lamaro-designs.com\/de\/wp-json\/wp\/v2\/product\/6198","targetHints":{"allow":["GET"]}}],"collection":[{"href":"https:\/\/lamaro-designs.com\/de\/wp-json\/wp\/v2\/product"}],"about":[{"href":"https:\/\/lamaro-designs.com\/de\/wp-json\/wp\/v2\/types\/product"}],"wp:featuredmedia":[{"embeddable":true,"href":"https:\/\/lamaro-designs.com\/de\/wp-json\/wp\/v2\/media\/6179"}],"wp:attachment":[{"href":"https:\/\/lamaro-designs.com\/de\/wp-json\/wp\/v2\/media?parent=6198"}],"wp:term":[{"taxonomy":"product_brand","embeddable":true,"href":"https:\/\/lamaro-designs.com\/de\/wp-json\/wp\/v2\/product_brand?post=6198"},{"taxonomy":"product_cat","embeddable":true,"href":"https:\/\/lamaro-designs.com\/de\/wp-json\/wp\/v2\/product_cat?post=6198"},{"taxonomy":"product_tag","embeddable":true,"href":"https:\/\/lamaro-designs.com\/de\/wp-json\/wp\/v2\/product_tag?post=6198"}],"curies":[{"name":"wp","href":"https:\/\/api.w.org\/{rel}","templated":true}]}}