{"id":6220,"date":"2025-10-30T02:53:10","date_gmt":"2025-10-30T02:53:10","guid":{"rendered":"https:\/\/dev.lamaro-designs.com\/shop\/shaper-multicolor-beistelltisch-aus-marmor\/"},"modified":"2025-11-27T02:34:15","modified_gmt":"2025-11-27T02:34:15","slug":"shaper-multicolor","status":"publish","type":"product","link":"https:\/\/lamaro-designs.com\/de\/shop\/shaper-multicolor\/","title":{"rendered":"shaper multicolor \u2013 beistelltisch aus marmor"},"content":{"rendered":"<p>Der Shaper aus Onyx Multicolor fasziniert durch seine lebendige Maserung in warmen Naturt\u00f6nen \u2013 von Ocker \u00fcber Elfenbein bis Rostrot. Die markante Form bringt Spannung in den Raum, bleibt dabei aber ausgewogen und ruhig. Er wirkt wie ein handgefertigtes Kunstobjekt, das sich trotzdem nahtlos in verschiedenste Interiors einf\u00fcgt. Besonders in modernen, klaren R\u00e4umen setzt er einen wirkungsvollen Akzent mit Tiefe und Charakter. Jede Ausf\u00fchrung ist ein Unikat aus 2 bis 2.5\u202fcm starken Onyxplatten.    <\/p>\n<p>Mach aus deinem Designobjekt eine Leuchte \u2013 mit dem <a href=\"https:\/\/lamaro-designs.com\/de\/shop\/onyx-lichtsockel\/\">Onyx Lichtsockel.<\/a><\/p>\n","protected":false},"excerpt":{"rendered":"<p>Der Shaper aus Onyx Multicolor fasziniert durch seine lebendige Maserung in warmen Naturt\u00f6nen \u2013 von Ocker \u00fcber Elfenbein bis Rostrot. Die markante Form bringt Spannung in den Raum, bleibt dabei aber ausgewogen und ruhig. Er wirkt wie ein handgefertigtes Kunstobjekt, das sich trotzdem nahtlos in verschiedenste Interiors einf\u00fcgt. Besonders in modernen, klaren R\u00e4umen setzt er<\/p>\n","protected":false},"featured_media":6204,"template":"","meta":{"_acf_changed":false},"product_brand":[],"product_cat":[212],"product_tag":[],"class_list":{"0":"post-6220","1":"product","2":"type-product","3":"status-publish","4":"has-post-thumbnail","6":"product_cat-shaper","7":"pa_material-onyx-multicolor","9":"first","10":"instock","11":"shipping-taxable","12":"purchasable","13":"product-type-simple"},"acf":[],"_links":{"self":[{"href":"https:\/\/lamaro-designs.com\/de\/wp-json\/wp\/v2\/product\/6220","targetHints":{"allow":["GET"]}}],"collection":[{"href":"https:\/\/lamaro-designs.com\/de\/wp-json\/wp\/v2\/product"}],"about":[{"href":"https:\/\/lamaro-designs.com\/de\/wp-json\/wp\/v2\/types\/product"}],"wp:featuredmedia":[{"embeddable":true,"href":"https:\/\/lamaro-designs.com\/de\/wp-json\/wp\/v2\/media\/6204"}],"wp:attachment":[{"href":"https:\/\/lamaro-designs.com\/de\/wp-json\/wp\/v2\/media?parent=6220"}],"wp:term":[{"taxonomy":"product_brand","embeddable":true,"href":"https:\/\/lamaro-designs.com\/de\/wp-json\/wp\/v2\/product_brand?post=6220"},{"taxonomy":"product_cat","embeddable":true,"href":"https:\/\/lamaro-designs.com\/de\/wp-json\/wp\/v2\/product_cat?post=6220"},{"taxonomy":"product_tag","embeddable":true,"href":"https:\/\/lamaro-designs.com\/de\/wp-json\/wp\/v2\/product_tag?post=6220"}],"curies":[{"name":"wp","href":"https:\/\/api.w.org\/{rel}","templated":true}]}}