{"id":6260,"date":"2025-10-30T03:10:28","date_gmt":"2025-10-30T03:10:28","guid":{"rendered":"https:\/\/dev.lamaro-designs.com\/shop\/shaper-queretaro-beistelltisch-aus-marmor\/"},"modified":"2025-11-06T06:49:59","modified_gmt":"2025-11-06T06:49:59","slug":"shaper-queretaro","status":"publish","type":"product","link":"https:\/\/lamaro-designs.com\/de\/shop\/shaper-queretaro\/","title":{"rendered":"shaper queretaro \u2013 beistelltisch aus marmor"},"content":{"rendered":"<p>Der Shaper aus Marmor Queretaro vereint kraftvolle Maserung mit einer eleganten Silhouette. Die markanten Adern in Schwarz, Grau und Weiss kommen durch die organisch-weiche Form besonders gut zur Geltung. Trotz dieser Ausdrucksst\u00e4rke bleibt der Shaper flexibel einsetzbar und harmoniert mit klaren, modernen Einrichtungen ebenso wie mit warmen, nat\u00fcrlichen Materialien. Ein M\u00f6belst\u00fcck mit Substanz \u2013 visuell wie auch haptisch.   <\/p>\n","protected":false},"excerpt":{"rendered":"<p>Der Shaper aus Marmor Queretaro vereint kraftvolle Maserung mit einer eleganten Silhouette. Die markanten Adern in Schwarz, Grau und Weiss kommen durch die organisch-weiche Form besonders gut zur Geltung. Trotz dieser Ausdrucksst\u00e4rke bleibt der Shaper flexibel einsetzbar und harmoniert mit klaren, modernen Einrichtungen ebenso wie mit warmen, nat\u00fcrlichen Materialien. Ein M\u00f6belst\u00fcck mit Substanz \u2013 visuell<\/p>\n","protected":false},"featured_media":6242,"template":"","meta":{"_acf_changed":false},"product_brand":[],"product_cat":[212],"product_tag":[],"class_list":{"0":"post-6260","1":"product","2":"type-product","3":"status-publish","4":"has-post-thumbnail","6":"product_cat-shaper","7":"pa_material-marmor-queretaro","9":"first","10":"instock","11":"shipping-taxable","12":"purchasable","13":"product-type-simple"},"acf":[],"_links":{"self":[{"href":"https:\/\/lamaro-designs.com\/de\/wp-json\/wp\/v2\/product\/6260","targetHints":{"allow":["GET"]}}],"collection":[{"href":"https:\/\/lamaro-designs.com\/de\/wp-json\/wp\/v2\/product"}],"about":[{"href":"https:\/\/lamaro-designs.com\/de\/wp-json\/wp\/v2\/types\/product"}],"wp:featuredmedia":[{"embeddable":true,"href":"https:\/\/lamaro-designs.com\/de\/wp-json\/wp\/v2\/media\/6242"}],"wp:attachment":[{"href":"https:\/\/lamaro-designs.com\/de\/wp-json\/wp\/v2\/media?parent=6260"}],"wp:term":[{"taxonomy":"product_brand","embeddable":true,"href":"https:\/\/lamaro-designs.com\/de\/wp-json\/wp\/v2\/product_brand?post=6260"},{"taxonomy":"product_cat","embeddable":true,"href":"https:\/\/lamaro-designs.com\/de\/wp-json\/wp\/v2\/product_cat?post=6260"},{"taxonomy":"product_tag","embeddable":true,"href":"https:\/\/lamaro-designs.com\/de\/wp-json\/wp\/v2\/product_tag?post=6260"}],"curies":[{"name":"wp","href":"https:\/\/api.w.org\/{rel}","templated":true}]}}