{"id":6277,"date":"2025-10-30T03:19:10","date_gmt":"2025-10-30T03:19:10","guid":{"rendered":"https:\/\/dev.lamaro-designs.com\/shop\/shaper-sadelite-beistelltisch-aus-marmor\/"},"modified":"2025-11-26T23:33:41","modified_gmt":"2025-11-26T23:33:41","slug":"shaper-sadelite","status":"publish","type":"product","link":"https:\/\/lamaro-designs.com\/de\/shop\/shaper-sadelite\/","title":{"rendered":"shaper sadelite \u2013 beistelltisch aus marmor"},"content":{"rendered":"<p>Mit seinen schimmernden Blau-Gr\u00fcn-Nuancen und kristallinen Merkmalen ist der Shaper aus Quarzit Sadelite ein echter Blickfang. Die geschwungene Silhouette verleiht ihm eine skulpturale Wirkung. Das Design bleibt ruhig, die Form klar und modern. Ideal f\u00fcr R\u00e4ume, die sowohl Individualit\u00e4t als auch Ruhe ausstrahlen sollen. Die 2 bis 2.5\u202fcm starken Platten aus brasilianischem Quarzit machen ihn zu einem langlebigen Begleiter.<\/p>\n","protected":false},"excerpt":{"rendered":"<p>Mit seinen schimmernden Blau-Gr\u00fcn-Nuancen und kristallinen Merkmalen ist der Shaper aus Quarzit Sadelite ein echter Blickfang. Die geschwungene Silhouette verleiht ihm eine skulpturale Wirkung. Das Design bleibt ruhig, die Form klar und modern. Ideal f\u00fcr R\u00e4ume, die sowohl Individualit\u00e4t als auch Ruhe ausstrahlen sollen. Die 2 bis 2.5\u202fcm starken Platten aus brasilianischem Quarzit machen ihn<\/p>\n","protected":false},"featured_media":6268,"template":"","meta":{"_acf_changed":false},"product_brand":[],"product_cat":[212],"product_tag":[],"class_list":{"0":"post-6277","1":"product","2":"type-product","3":"status-publish","4":"has-post-thumbnail","6":"product_cat-shaper","7":"pa_material-quarzit-sadelite","9":"first","10":"outofstock","11":"shipping-taxable","12":"purchasable","13":"product-type-simple"},"acf":[],"_links":{"self":[{"href":"https:\/\/lamaro-designs.com\/de\/wp-json\/wp\/v2\/product\/6277","targetHints":{"allow":["GET"]}}],"collection":[{"href":"https:\/\/lamaro-designs.com\/de\/wp-json\/wp\/v2\/product"}],"about":[{"href":"https:\/\/lamaro-designs.com\/de\/wp-json\/wp\/v2\/types\/product"}],"wp:featuredmedia":[{"embeddable":true,"href":"https:\/\/lamaro-designs.com\/de\/wp-json\/wp\/v2\/media\/6268"}],"wp:attachment":[{"href":"https:\/\/lamaro-designs.com\/de\/wp-json\/wp\/v2\/media?parent=6277"}],"wp:term":[{"taxonomy":"product_brand","embeddable":true,"href":"https:\/\/lamaro-designs.com\/de\/wp-json\/wp\/v2\/product_brand?post=6277"},{"taxonomy":"product_cat","embeddable":true,"href":"https:\/\/lamaro-designs.com\/de\/wp-json\/wp\/v2\/product_cat?post=6277"},{"taxonomy":"product_tag","embeddable":true,"href":"https:\/\/lamaro-designs.com\/de\/wp-json\/wp\/v2\/product_tag?post=6277"}],"curies":[{"name":"wp","href":"https:\/\/api.w.org\/{rel}","templated":true}]}}