{"id":6290,"date":"2025-10-30T03:26:59","date_gmt":"2025-10-30T03:26:59","guid":{"rendered":"https:\/\/dev.lamaro-designs.com\/shop\/mediator-maya-rundtisch-aus-marmor\/"},"modified":"2025-11-26T19:18:03","modified_gmt":"2025-11-26T19:18:03","slug":"mediator-maya","status":"publish","type":"product","link":"https:\/\/lamaro-designs.com\/de\/shop\/mediator-maya\/","title":{"rendered":"mediator maya \u2013 rundtisch aus marmor"},"content":{"rendered":"<p>Der Mediator in Marble Maya strahlt Ruhe und Nat\u00fcrlichkeit aus. Der beigefarbene Marmor mit kleinen fossilen Einschl\u00fcssen wirkt geerdet und lebendig zugleich. Die runde Steinfl\u00e4che ruht auf einem gekreuzten Sockel \u2013 zwei massive Marmorplatten, sorgf\u00e4ltig gearbeitet und kraftvoll im Ausdruck. Gefertigt aus 100\u202f% Marmor, 2 bis 2.5\u202fcm stark, mit handveredelter Oberfl\u00e4che. Ob als Ablage im Schlafzimmer, als Kaffeetisch im Lesebereich oder als stilvoller Helfer im Eingangsbereich \u2013 der Mediator Maya bringt nat\u00fcrliche W\u00e4rme und dezente Ausstrahlung in jeden Raum.<\/p>\n","protected":false},"excerpt":{"rendered":"<p>Der Mediator in Marble Maya strahlt Ruhe und Nat\u00fcrlichkeit aus. Der beigefarbene Marmor mit kleinen fossilen Einschl\u00fcssen wirkt geerdet und lebendig zugleich. Die runde Steinfl\u00e4che ruht auf einem gekreuzten Sockel \u2013 zwei massive Marmorplatten, sorgf\u00e4ltig gearbeitet und kraftvoll im Ausdruck. Gefertigt aus 100\u202f% Marmor, 2 bis 2.5\u202fcm stark, mit handveredelter Oberfl\u00e4che. Ob als Ablage im<\/p>\n","protected":false},"featured_media":6281,"template":"","meta":{"_acf_changed":false},"product_brand":[],"product_cat":[213],"product_tag":[],"class_list":{"0":"post-6290","1":"product","2":"type-product","3":"status-publish","4":"has-post-thumbnail","6":"product_cat-mediator","7":"pa_material-marmor-maya","9":"first","10":"instock","11":"shipping-taxable","12":"purchasable","13":"product-type-simple"},"acf":[],"_links":{"self":[{"href":"https:\/\/lamaro-designs.com\/de\/wp-json\/wp\/v2\/product\/6290","targetHints":{"allow":["GET"]}}],"collection":[{"href":"https:\/\/lamaro-designs.com\/de\/wp-json\/wp\/v2\/product"}],"about":[{"href":"https:\/\/lamaro-designs.com\/de\/wp-json\/wp\/v2\/types\/product"}],"wp:featuredmedia":[{"embeddable":true,"href":"https:\/\/lamaro-designs.com\/de\/wp-json\/wp\/v2\/media\/6281"}],"wp:attachment":[{"href":"https:\/\/lamaro-designs.com\/de\/wp-json\/wp\/v2\/media?parent=6290"}],"wp:term":[{"taxonomy":"product_brand","embeddable":true,"href":"https:\/\/lamaro-designs.com\/de\/wp-json\/wp\/v2\/product_brand?post=6290"},{"taxonomy":"product_cat","embeddable":true,"href":"https:\/\/lamaro-designs.com\/de\/wp-json\/wp\/v2\/product_cat?post=6290"},{"taxonomy":"product_tag","embeddable":true,"href":"https:\/\/lamaro-designs.com\/de\/wp-json\/wp\/v2\/product_tag?post=6290"}],"curies":[{"name":"wp","href":"https:\/\/api.w.org\/{rel}","templated":true}]}}