{"id":6308,"date":"2025-10-30T03:36:58","date_gmt":"2025-10-30T03:36:58","guid":{"rendered":"https:\/\/dev.lamaro-designs.com\/shop\/mediator-blanco-rundtisch-aus-marmor\/"},"modified":"2025-11-06T06:17:25","modified_gmt":"2025-11-06T06:17:25","slug":"mediator-blanco","status":"publish","type":"product","link":"https:\/\/lamaro-designs.com\/de\/shop\/mediator-blanco\/","title":{"rendered":"mediator blanco \u2013 rundtisch aus marmor"},"content":{"rendered":"<p>Der Mediator ist ein runder Beistelltisch mit starker Pr\u00e4senz. Die runde Steinfl\u00e4che aus Onyx Blanco liegt auf einem gekreuzten Sockel \u2013 aus zwei massiven Elementen, die dem Tisch Stabilit\u00e4t und Charakter verleihen. Der milchig-weisse Onyx stammt aus Mexiko und zeigt feine Maserungen sowie eine zarte Transparenz, die dem Stein Tiefe und Leichtigkeit verleiht. Die Oberfl\u00e4che ist 2 bis 2.5\u202fcm stark, handbearbeitet und vollst\u00e4ndig aus Naturstein gefertigt. Durch sein Format l\u00e4sst sich der Mediator vielseitig einsetzen \u2013 als stilvoller Akzent im Eingangsbereich f\u00fcr eine Schale mit Schl\u00fcsseln oder im Wohnraum zwischen zwei Sesseln als kleiner Kaffeetisch. Ein M\u00f6belst\u00fcck f\u00fcr R\u00e4ume, in denen Material, Form und Funktion sichtbar zusammenspielen.     <\/p>\n","protected":false},"excerpt":{"rendered":"<p>Der Mediator ist ein runder Beistelltisch mit starker Pr\u00e4senz. Die runde Steinfl\u00e4che aus Onyx Blanco liegt auf einem gekreuzten Sockel \u2013 aus zwei massiven Elementen, die dem Tisch Stabilit\u00e4t und Charakter verleihen. Der milchig-weisse Onyx stammt aus Mexiko und zeigt feine Maserungen sowie eine zarte Transparenz, die dem Stein Tiefe und Leichtigkeit verleiht. Die Oberfl\u00e4che<\/p>\n","protected":false},"featured_media":6303,"template":"","meta":{"_acf_changed":false},"product_brand":[],"product_cat":[213],"product_tag":[],"class_list":{"0":"post-6308","1":"product","2":"type-product","3":"status-publish","4":"has-post-thumbnail","6":"product_cat-mediator","7":"pa_material-onyx-blanco","9":"first","10":"instock","11":"shipping-taxable","12":"purchasable","13":"product-type-simple"},"acf":[],"_links":{"self":[{"href":"https:\/\/lamaro-designs.com\/de\/wp-json\/wp\/v2\/product\/6308","targetHints":{"allow":["GET"]}}],"collection":[{"href":"https:\/\/lamaro-designs.com\/de\/wp-json\/wp\/v2\/product"}],"about":[{"href":"https:\/\/lamaro-designs.com\/de\/wp-json\/wp\/v2\/types\/product"}],"wp:featuredmedia":[{"embeddable":true,"href":"https:\/\/lamaro-designs.com\/de\/wp-json\/wp\/v2\/media\/6303"}],"wp:attachment":[{"href":"https:\/\/lamaro-designs.com\/de\/wp-json\/wp\/v2\/media?parent=6308"}],"wp:term":[{"taxonomy":"product_brand","embeddable":true,"href":"https:\/\/lamaro-designs.com\/de\/wp-json\/wp\/v2\/product_brand?post=6308"},{"taxonomy":"product_cat","embeddable":true,"href":"https:\/\/lamaro-designs.com\/de\/wp-json\/wp\/v2\/product_cat?post=6308"},{"taxonomy":"product_tag","embeddable":true,"href":"https:\/\/lamaro-designs.com\/de\/wp-json\/wp\/v2\/product_tag?post=6308"}],"curies":[{"name":"wp","href":"https:\/\/api.w.org\/{rel}","templated":true}]}}