{"id":6350,"date":"2025-10-30T03:53:36","date_gmt":"2025-10-30T03:53:36","guid":{"rendered":"https:\/\/dev.lamaro-designs.com\/shop\/mediator-multicolor-rundtisch-aus-marmor\/"},"modified":"2025-11-06T06:20:12","modified_gmt":"2025-11-06T06:20:12","slug":"mediator-multicolor","status":"publish","type":"product","link":"https:\/\/lamaro-designs.com\/de\/shop\/mediator-multicolor\/","title":{"rendered":"mediator multicolor \u2013 rundtisch aus marmor"},"content":{"rendered":"<p>Der Mediator in Onyx Multicolor ist kraftvoll, lebendig und unverwechselbar. Die runde Steinfl\u00e4che zeigt dynamische Farbverl\u00e4ufe in Rost-, Bernstein- und Ockert\u00f6nen, jede Bewegung im Stein wirkt wie ein nat\u00fcrlich gemaltes Bild. Getragen wird sie von einem gekreuzten Sockel aus zwei massiven Elementen \u2013 ein schlichtes, aber starkes Statement in Form und Material. Onyx Multicolor ist ein seltener Naturstein aus Mexiko, der nur in kleinen Mengen abgebaut wird. Seine einzigartige Maserung, die intensiven Farbt\u00f6ne und die nat\u00fcrliche Leuchtkraft machen jedes St\u00fcck zu einem Unikat. Die Oberfl\u00e4che wird von Hand veredelt und hat eine St\u00e4rke von 2 bis 2.5\u202fcm. Als Blickfang im Eingangsbereich oder als Mittelpunkt zwischen zwei Sesseln bringt der Mediator Multicolor Energie, Tiefe und k\u00fcnstlerische Spannung in den Raum.     <\/p>\n","protected":false},"excerpt":{"rendered":"<p>Der Mediator in Onyx Multicolor ist kraftvoll, lebendig und unverwechselbar. Die runde Steinfl\u00e4che zeigt dynamische Farbverl\u00e4ufe in Rost-, Bernstein- und Ockert\u00f6nen, jede Bewegung im Stein wirkt wie ein nat\u00fcrlich gemaltes Bild. Getragen wird sie von einem gekreuzten Sockel aus zwei massiven Elementen \u2013 ein schlichtes, aber starkes Statement in Form und Material. Onyx Multicolor ist<\/p>\n","protected":false},"featured_media":6313,"template":"","meta":{"_acf_changed":false},"product_brand":[],"product_cat":[213],"product_tag":[],"class_list":{"0":"post-6350","1":"product","2":"type-product","3":"status-publish","4":"has-post-thumbnail","6":"product_cat-mediator","7":"pa_material-onyx-multicolor","9":"first","10":"instock","11":"shipping-taxable","12":"purchasable","13":"product-type-simple"},"acf":[],"_links":{"self":[{"href":"https:\/\/lamaro-designs.com\/de\/wp-json\/wp\/v2\/product\/6350","targetHints":{"allow":["GET"]}}],"collection":[{"href":"https:\/\/lamaro-designs.com\/de\/wp-json\/wp\/v2\/product"}],"about":[{"href":"https:\/\/lamaro-designs.com\/de\/wp-json\/wp\/v2\/types\/product"}],"wp:featuredmedia":[{"embeddable":true,"href":"https:\/\/lamaro-designs.com\/de\/wp-json\/wp\/v2\/media\/6313"}],"wp:attachment":[{"href":"https:\/\/lamaro-designs.com\/de\/wp-json\/wp\/v2\/media?parent=6350"}],"wp:term":[{"taxonomy":"product_brand","embeddable":true,"href":"https:\/\/lamaro-designs.com\/de\/wp-json\/wp\/v2\/product_brand?post=6350"},{"taxonomy":"product_cat","embeddable":true,"href":"https:\/\/lamaro-designs.com\/de\/wp-json\/wp\/v2\/product_cat?post=6350"},{"taxonomy":"product_tag","embeddable":true,"href":"https:\/\/lamaro-designs.com\/de\/wp-json\/wp\/v2\/product_tag?post=6350"}],"curies":[{"name":"wp","href":"https:\/\/api.w.org\/{rel}","templated":true}]}}