{"id":6406,"date":"2025-10-30T04:20:16","date_gmt":"2025-10-30T04:20:16","guid":{"rendered":"https:\/\/dev.lamaro-designs.com\/shop\/mediator-miel-rundtisch-aus-marmor\/"},"modified":"2025-11-06T06:20:01","modified_gmt":"2025-11-06T06:20:01","slug":"mediator-miel","status":"publish","type":"product","link":"https:\/\/lamaro-designs.com\/de\/shop\/mediator-miel\/","title":{"rendered":"mediator miel \u2013 rundtisch aus marmor"},"content":{"rendered":"<p>Der Mediator in Onyx Miel bringt W\u00e4rme, Licht und k\u00fcnstlerische Klarheit in den Raum. Seine runde Oberfl\u00e4che ruht auf einem gekreuzten Sockel aus zwei massiven Steinelementen, die dem Tisch Haltung und Form geben. Onyx Miel ist ein goldfarbener, halbtransparenter Naturstein aus Mexiko, der durch seine lebendige Struktur, sanften Schichtungen und leuchtende Tiefe besticht. Die Steinplatte ist 2 bis 2.5\u202fcm stark und wird sorgf\u00e4ltig von Hand veredelt \u2013 jedes St\u00fcck ist ein Unikat. Ob als Kaffeetisch zwischen zwei Sesseln oder als feiner Akzent im Eingangsbereich \u2013 der Mediator Miel bringt eine ruhige, warme Pr\u00e4senz in jeden Raum und schafft eine Atmosph\u00e4re, die bleibt.    <\/p>\n","protected":false},"excerpt":{"rendered":"<p>Der Mediator in Onyx Miel bringt W\u00e4rme, Licht und k\u00fcnstlerische Klarheit in den Raum. Seine runde Oberfl\u00e4che ruht auf einem gekreuzten Sockel aus zwei massiven Steinelementen, die dem Tisch Haltung und Form geben. Onyx Miel ist ein goldfarbener, halbtransparenter Naturstein aus Mexiko, der durch seine lebendige Struktur, sanften Schichtungen und leuchtende Tiefe besticht. Die Steinplatte<\/p>\n","protected":false},"featured_media":6377,"template":"","meta":{"_acf_changed":false},"product_brand":[],"product_cat":[213],"product_tag":[],"class_list":{"0":"post-6406","1":"product","2":"type-product","3":"status-publish","4":"has-post-thumbnail","6":"product_cat-mediator","7":"pa_material-onyx-miel","9":"first","10":"instock","11":"shipping-taxable","12":"purchasable","13":"product-type-simple"},"acf":[],"_links":{"self":[{"href":"https:\/\/lamaro-designs.com\/de\/wp-json\/wp\/v2\/product\/6406","targetHints":{"allow":["GET"]}}],"collection":[{"href":"https:\/\/lamaro-designs.com\/de\/wp-json\/wp\/v2\/product"}],"about":[{"href":"https:\/\/lamaro-designs.com\/de\/wp-json\/wp\/v2\/types\/product"}],"wp:featuredmedia":[{"embeddable":true,"href":"https:\/\/lamaro-designs.com\/de\/wp-json\/wp\/v2\/media\/6377"}],"wp:attachment":[{"href":"https:\/\/lamaro-designs.com\/de\/wp-json\/wp\/v2\/media?parent=6406"}],"wp:term":[{"taxonomy":"product_brand","embeddable":true,"href":"https:\/\/lamaro-designs.com\/de\/wp-json\/wp\/v2\/product_brand?post=6406"},{"taxonomy":"product_cat","embeddable":true,"href":"https:\/\/lamaro-designs.com\/de\/wp-json\/wp\/v2\/product_cat?post=6406"},{"taxonomy":"product_tag","embeddable":true,"href":"https:\/\/lamaro-designs.com\/de\/wp-json\/wp\/v2\/product_tag?post=6406"}],"curies":[{"name":"wp","href":"https:\/\/api.w.org\/{rel}","templated":true}]}}