{"id":6439,"date":"2025-10-30T04:41:53","date_gmt":"2025-10-30T04:41:53","guid":{"rendered":"https:\/\/dev.lamaro-designs.com\/shop\/sideliner-blanco-besitelltisch-aus-marmor\/"},"modified":"2025-11-26T23:34:28","modified_gmt":"2025-11-26T23:34:28","slug":"sideliner-blanco","status":"publish","type":"product","link":"https:\/\/lamaro-designs.com\/de\/shop\/sideliner-blanco\/","title":{"rendered":"sideliner blanco \u2013 besitelltisch aus marmor"},"content":{"rendered":"<p>Der Sideliner ist ein eleganter Blickfang. Das schlichte, aber fesselnde Design vermittelt zeitlose Ruhe und erg\u00e4nzt jeden Wohnraum mit k\u00fcnstlerischer Pr\u00e4senz. Mit seinen grossz\u00fcgigen Fl\u00e4chen eignet sich der Sideliner als Nachttisch oder Beistelltisch. Gefertigt wird er aus Onyx Blanco \u2013 einem milchig-weissen Naturstein aus Mexiko mit zarter Transparenz und feiner Maserung. Jeder Tisch ist ein Unikat, gefertigt aus 100\u202f% Onyx mit einer Plattendicke von 2 bis 2.5\u202fcm. Der Sideliner verbindet Funktionalit\u00e4t, zur\u00fcckhaltende Sch\u00f6nheit und die besondere Ausstrahlung eines nat\u00fcrlichen Materials, das Ruhe und Charakter zugleich ausstrahlt.<\/p>\n","protected":false},"excerpt":{"rendered":"<p>Der Sideliner ist ein eleganter Blickfang. Das schlichte, aber fesselnde Design vermittelt zeitlose Ruhe und erg\u00e4nzt jeden Wohnraum mit k\u00fcnstlerischer Pr\u00e4senz. Mit seinen grossz\u00fcgigen Fl\u00e4chen eignet sich der Sideliner als Nachttisch oder Beistelltisch. Gefertigt wird er aus Onyx Blanco \u2013 einem milchig-weissen Naturstein aus Mexiko mit zarter Transparenz und feiner Maserung. Jeder Tisch ist ein<\/p>\n","protected":false},"featured_media":6417,"template":"","meta":{"_acf_changed":false},"product_brand":[],"product_cat":[214],"product_tag":[],"class_list":{"0":"post-6439","1":"product","2":"type-product","3":"status-publish","4":"has-post-thumbnail","6":"product_cat-sideliner","7":"pa_material-onyx-blanco","9":"first","10":"instock","11":"shipping-taxable","12":"purchasable","13":"product-type-simple"},"acf":[],"_links":{"self":[{"href":"https:\/\/lamaro-designs.com\/de\/wp-json\/wp\/v2\/product\/6439","targetHints":{"allow":["GET"]}}],"collection":[{"href":"https:\/\/lamaro-designs.com\/de\/wp-json\/wp\/v2\/product"}],"about":[{"href":"https:\/\/lamaro-designs.com\/de\/wp-json\/wp\/v2\/types\/product"}],"wp:featuredmedia":[{"embeddable":true,"href":"https:\/\/lamaro-designs.com\/de\/wp-json\/wp\/v2\/media\/6417"}],"wp:attachment":[{"href":"https:\/\/lamaro-designs.com\/de\/wp-json\/wp\/v2\/media?parent=6439"}],"wp:term":[{"taxonomy":"product_brand","embeddable":true,"href":"https:\/\/lamaro-designs.com\/de\/wp-json\/wp\/v2\/product_brand?post=6439"},{"taxonomy":"product_cat","embeddable":true,"href":"https:\/\/lamaro-designs.com\/de\/wp-json\/wp\/v2\/product_cat?post=6439"},{"taxonomy":"product_tag","embeddable":true,"href":"https:\/\/lamaro-designs.com\/de\/wp-json\/wp\/v2\/product_tag?post=6439"}],"curies":[{"name":"wp","href":"https:\/\/api.w.org\/{rel}","templated":true}]}}