{"id":6491,"date":"2025-10-30T04:59:42","date_gmt":"2025-10-30T04:59:42","guid":{"rendered":"https:\/\/dev.lamaro-designs.com\/shop\/sideliner-miel-beistelltisch-aus-marmor\/"},"modified":"2025-11-06T06:54:03","modified_gmt":"2025-11-06T06:54:03","slug":"sideliner-miel","status":"publish","type":"product","link":"https:\/\/lamaro-designs.com\/de\/shop\/sideliner-miel\/","title":{"rendered":"sideliner miel \u2013 beistelltisch aus marmor"},"content":{"rendered":"<p>Warme T\u00f6ne, sanftes Lichtspiel und eine ruhige Ausstrahlung \u2013 der Sideliner aus Onyx Miel bringt Nat\u00fcrlichkeit und Raffinesse in Einklang. Dieser Beistelltisch vereint klare Linien mit einem Material, das durch seine honigfarbenen Nuancen und halbtransparente Struktur besonders lebendig wirkt. Der Sideliner wird aus 100\u202f% nat\u00fcrlichem Onyx gefertigt, von Hand verarbeitet mit einer Plattendicke von 2 bis 2.5\u202fcm. Jeder Tisch ist ein Einzelst\u00fcck und zeigt die charakteristische Zeichnung dieses besonderen Steins. Ideal als Nachttisch oder skulpturales M\u00f6bel im Wohnraum, der Sideliner aus Onyx Miel bringt W\u00e4rme, Tiefe und Handwerkskunst in jede Einrichtung.    <\/p>\n","protected":false},"excerpt":{"rendered":"<p>Warme T\u00f6ne, sanftes Lichtspiel und eine ruhige Ausstrahlung \u2013 der Sideliner aus Onyx Miel bringt Nat\u00fcrlichkeit und Raffinesse in Einklang. Dieser Beistelltisch vereint klare Linien mit einem Material, das durch seine honigfarbenen Nuancen und halbtransparente Struktur besonders lebendig wirkt. Der Sideliner wird aus 100\u202f% nat\u00fcrlichem Onyx gefertigt, von Hand verarbeitet mit einer Plattendicke von 2<\/p>\n","protected":false},"featured_media":6464,"template":"","meta":{"_acf_changed":false},"product_brand":[],"product_cat":[214],"product_tag":[],"class_list":{"0":"post-6491","1":"product","2":"type-product","3":"status-publish","4":"has-post-thumbnail","6":"product_cat-sideliner","7":"pa_material-onyx-miel","9":"first","10":"instock","11":"shipping-taxable","12":"purchasable","13":"product-type-simple"},"acf":[],"_links":{"self":[{"href":"https:\/\/lamaro-designs.com\/de\/wp-json\/wp\/v2\/product\/6491","targetHints":{"allow":["GET"]}}],"collection":[{"href":"https:\/\/lamaro-designs.com\/de\/wp-json\/wp\/v2\/product"}],"about":[{"href":"https:\/\/lamaro-designs.com\/de\/wp-json\/wp\/v2\/types\/product"}],"wp:featuredmedia":[{"embeddable":true,"href":"https:\/\/lamaro-designs.com\/de\/wp-json\/wp\/v2\/media\/6464"}],"wp:attachment":[{"href":"https:\/\/lamaro-designs.com\/de\/wp-json\/wp\/v2\/media?parent=6491"}],"wp:term":[{"taxonomy":"product_brand","embeddable":true,"href":"https:\/\/lamaro-designs.com\/de\/wp-json\/wp\/v2\/product_brand?post=6491"},{"taxonomy":"product_cat","embeddable":true,"href":"https:\/\/lamaro-designs.com\/de\/wp-json\/wp\/v2\/product_cat?post=6491"},{"taxonomy":"product_tag","embeddable":true,"href":"https:\/\/lamaro-designs.com\/de\/wp-json\/wp\/v2\/product_tag?post=6491"}],"curies":[{"name":"wp","href":"https:\/\/api.w.org\/{rel}","templated":true}]}}