{"id":6523,"date":"2025-10-30T05:38:48","date_gmt":"2025-10-30T05:38:48","guid":{"rendered":"https:\/\/dev.lamaro-designs.com\/shop\/sideliner-maya-marble-side-table\/"},"modified":"2025-11-26T18:48:24","modified_gmt":"2025-11-26T18:48:24","slug":"sideliner-maya","status":"publish","type":"product","link":"https:\/\/lamaro-designs.com\/de\/shop\/sideliner-maya\/","title":{"rendered":"sideliner maya \u2013 beistelltisch aus marmor"},"content":{"rendered":"<p>Der Sideliner aus Marmor Maya bringt ruhige Eleganz und einen Hauch von Geschichte in moderne R\u00e4ume. Dieser warme beigefarbene Marmor aus Mexiko enth\u00e4lt fossile Einschl\u00fcsse, die dem Stein sowohl Tiefe als auch Charakter verleihen &#8211; wie in Stein festgehaltene Spuren der Zeit. Mit seinen sanften T\u00f6nen und seiner glatten Oberfl\u00e4che eignet sich dieser Beistelltisch hervorragend f\u00fcr ruhige Schlafzimmer, luftige Wohnzimmer oder friedliche R\u00fcckzugsorte. Gefertigt aus 100% Marmor mit einer Plattenst\u00e4rke von 2 bis 2,5 cm, wird jedes St\u00fcck mit Sorgfalt und Pr\u00e4zision geformt. Ein subtiles Design, das sich durch Zur\u00fcckhaltung auszeichnet &#8211; nat\u00fcrlich, elegant und tief in der Authentizit\u00e4t des Materials verwurzelt.    <\/p>\n","protected":false},"excerpt":{"rendered":"<p>Der Sideliner aus Marmor Maya bringt ruhige Eleganz und einen Hauch von Geschichte in moderne R\u00e4ume. Dieser warme beigefarbene Marmor aus Mexiko enth\u00e4lt fossile Einschl\u00fcsse, die dem Stein sowohl Tiefe als auch Charakter verleihen &#8211; wie in Stein festgehaltene Spuren der Zeit. Mit seinen sanften T\u00f6nen und seiner glatten Oberfl\u00e4che eignet sich dieser Beistelltisch hervorragend<\/p>\n","protected":false},"featured_media":6503,"template":"","meta":{"_acf_changed":false},"product_brand":[],"product_cat":[214],"product_tag":[],"class_list":{"0":"post-6523","1":"product","2":"type-product","3":"status-publish","4":"has-post-thumbnail","6":"product_cat-sideliner","7":"pa_material-marmor-maya","9":"first","10":"instock","11":"shipping-taxable","12":"purchasable","13":"product-type-simple"},"acf":[],"_links":{"self":[{"href":"https:\/\/lamaro-designs.com\/de\/wp-json\/wp\/v2\/product\/6523","targetHints":{"allow":["GET"]}}],"collection":[{"href":"https:\/\/lamaro-designs.com\/de\/wp-json\/wp\/v2\/product"}],"about":[{"href":"https:\/\/lamaro-designs.com\/de\/wp-json\/wp\/v2\/types\/product"}],"wp:featuredmedia":[{"embeddable":true,"href":"https:\/\/lamaro-designs.com\/de\/wp-json\/wp\/v2\/media\/6503"}],"wp:attachment":[{"href":"https:\/\/lamaro-designs.com\/de\/wp-json\/wp\/v2\/media?parent=6523"}],"wp:term":[{"taxonomy":"product_brand","embeddable":true,"href":"https:\/\/lamaro-designs.com\/de\/wp-json\/wp\/v2\/product_brand?post=6523"},{"taxonomy":"product_cat","embeddable":true,"href":"https:\/\/lamaro-designs.com\/de\/wp-json\/wp\/v2\/product_cat?post=6523"},{"taxonomy":"product_tag","embeddable":true,"href":"https:\/\/lamaro-designs.com\/de\/wp-json\/wp\/v2\/product_tag?post=6523"}],"curies":[{"name":"wp","href":"https:\/\/api.w.org\/{rel}","templated":true}]}}