{"id":6543,"date":"2025-10-30T05:55:41","date_gmt":"2025-10-30T05:55:41","guid":{"rendered":"https:\/\/dev.lamaro-designs.com\/shop\/sideliner-multicolor-besitelltisch-aus-marmor\/"},"modified":"2025-11-06T06:54:47","modified_gmt":"2025-11-06T06:54:47","slug":"sideliner-multicolor","status":"publish","type":"product","link":"https:\/\/lamaro-designs.com\/de\/shop\/sideliner-multicolor\/","title":{"rendered":"sideliner multicolor \u2013 besitelltisch aus marmor"},"content":{"rendered":"<p>Der Sideliner aus Onyx Multicolor ist Ausdruck purer Individualit\u00e4t. Mit seinem kraftvollen Farbspiel von rostrot \u00fcber ocker bis zu bernsteinfarbenen Adern, entsteht ein Designobjekt, das fast wie ein Naturgem\u00e4lde wirkt. Gefertigt aus massivem Onyx mit 2 bis 2.5\u202fcm Plattendicke, bringt dieser Beistelltisch Energie, Tiefe und k\u00fcnstlerische Spannung in moderne R\u00e4ume. Kein St\u00fcck gleicht dem anderen, jede Maserung erz\u00e4hlt ihre eigene Geschichte. Ob als Statement im Eingangsbereich oder als kunstvoller Akzent im Schlafzimmer: der Sideliner Multicolor ist mehr als ein Tisch, er ist ein visuelles Erlebnis.    <\/p>\n","protected":false},"excerpt":{"rendered":"<p>Der Sideliner aus Onyx Multicolor ist Ausdruck purer Individualit\u00e4t. Mit seinem kraftvollen Farbspiel von rostrot \u00fcber ocker bis zu bernsteinfarbenen Adern, entsteht ein Designobjekt, das fast wie ein Naturgem\u00e4lde wirkt. Gefertigt aus massivem Onyx mit 2 bis 2.5\u202fcm Plattendicke, bringt dieser Beistelltisch Energie, Tiefe und k\u00fcnstlerische Spannung in moderne R\u00e4ume. Kein St\u00fcck gleicht dem anderen,<\/p>\n","protected":false},"featured_media":6550,"template":"","meta":{"_acf_changed":false},"product_brand":[],"product_cat":[214],"product_tag":[],"class_list":{"0":"post-6543","1":"product","2":"type-product","3":"status-publish","4":"has-post-thumbnail","6":"product_cat-sideliner","7":"pa_material-onyx-multicolor","9":"first","10":"instock","11":"shipping-taxable","12":"purchasable","13":"product-type-simple"},"acf":[],"_links":{"self":[{"href":"https:\/\/lamaro-designs.com\/de\/wp-json\/wp\/v2\/product\/6543","targetHints":{"allow":["GET"]}}],"collection":[{"href":"https:\/\/lamaro-designs.com\/de\/wp-json\/wp\/v2\/product"}],"about":[{"href":"https:\/\/lamaro-designs.com\/de\/wp-json\/wp\/v2\/types\/product"}],"wp:featuredmedia":[{"embeddable":true,"href":"https:\/\/lamaro-designs.com\/de\/wp-json\/wp\/v2\/media\/6550"}],"wp:attachment":[{"href":"https:\/\/lamaro-designs.com\/de\/wp-json\/wp\/v2\/media?parent=6543"}],"wp:term":[{"taxonomy":"product_brand","embeddable":true,"href":"https:\/\/lamaro-designs.com\/de\/wp-json\/wp\/v2\/product_brand?post=6543"},{"taxonomy":"product_cat","embeddable":true,"href":"https:\/\/lamaro-designs.com\/de\/wp-json\/wp\/v2\/product_cat?post=6543"},{"taxonomy":"product_tag","embeddable":true,"href":"https:\/\/lamaro-designs.com\/de\/wp-json\/wp\/v2\/product_tag?post=6543"}],"curies":[{"name":"wp","href":"https:\/\/api.w.org\/{rel}","templated":true}]}}