{"id":6759,"date":"2025-11-01T01:59:30","date_gmt":"2025-11-01T01:59:30","guid":{"rendered":"https:\/\/dev.lamaro-designs.com\/?post_type=product&#038;p=6759"},"modified":"2025-11-06T07:13:21","modified_gmt":"2025-11-06T07:13:21","slug":"visioner-miel","status":"publish","type":"product","link":"https:\/\/lamaro-designs.com\/de\/shop\/visioner-miel\/","title":{"rendered":"visioner miel \u2013 spiegel mit marmor rahmen"},"content":{"rendered":"<p>Der Visioner &#8211; ein von der Natur inspirierter, warmtoniger Marmorspiegel. Dieser handgefertigte Ganzk\u00f6rperspiegel hat einen honigfarbenen Onyxrahmen &#8211; ein typischer Naturstein aus Mexiko, der f\u00fcr seine weiche Lichtstreuung und seine leuchtenden T\u00f6ne bekannt ist. <\/p>\n<p>Zartes Beige, goldene Farbt\u00f6ne und sanfte orangefarbene Farbverl\u00e4ufe evozieren W\u00e4rme und Nostalgie. Der organische Fluss des Steins erinnert an den Designgeist der 1960er und 70er Jahre &#8211; eine Zeit, die von k\u00fchnen Materialien und nat\u00fcrlichen Formen gepr\u00e4gt war. <\/p>\n<p>Jeder Spiegel ist ein handgefertigtes Einzelst\u00fcck. Sein warmes Leuchten und das unverwechselbare Steinmuster machen ihn zu einem markanten Designelement mit zeitlosem Reiz. <\/p>\n","protected":false},"excerpt":{"rendered":"<p>Der Visioner &#8211; ein von der Natur inspirierter, warmtoniger Marmorspiegel. Dieser handgefertigte Ganzk\u00f6rperspiegel hat einen honigfarbenen Onyxrahmen &#8211; ein typischer Naturstein aus Mexiko, der f\u00fcr seine weiche Lichtstreuung und seine leuchtenden T\u00f6ne bekannt ist. Zartes Beige, goldene Farbt\u00f6ne und sanfte orangefarbene Farbverl\u00e4ufe evozieren W\u00e4rme und Nostalgie. Der organische Fluss des Steins erinnert an den Designgeist<\/p>\n","protected":false},"featured_media":6761,"template":"","meta":{"_acf_changed":false},"product_brand":[],"product_cat":[219],"product_tag":[],"class_list":{"0":"post-6759","1":"product","2":"type-product","3":"status-publish","4":"has-post-thumbnail","6":"product_cat-spiegel","7":"pa_material-onyx-miel","9":"first","10":"instock","11":"shipping-taxable","12":"purchasable","13":"product-type-simple"},"acf":[],"_links":{"self":[{"href":"https:\/\/lamaro-designs.com\/de\/wp-json\/wp\/v2\/product\/6759","targetHints":{"allow":["GET"]}}],"collection":[{"href":"https:\/\/lamaro-designs.com\/de\/wp-json\/wp\/v2\/product"}],"about":[{"href":"https:\/\/lamaro-designs.com\/de\/wp-json\/wp\/v2\/types\/product"}],"wp:featuredmedia":[{"embeddable":true,"href":"https:\/\/lamaro-designs.com\/de\/wp-json\/wp\/v2\/media\/6761"}],"wp:attachment":[{"href":"https:\/\/lamaro-designs.com\/de\/wp-json\/wp\/v2\/media?parent=6759"}],"wp:term":[{"taxonomy":"product_brand","embeddable":true,"href":"https:\/\/lamaro-designs.com\/de\/wp-json\/wp\/v2\/product_brand?post=6759"},{"taxonomy":"product_cat","embeddable":true,"href":"https:\/\/lamaro-designs.com\/de\/wp-json\/wp\/v2\/product_cat?post=6759"},{"taxonomy":"product_tag","embeddable":true,"href":"https:\/\/lamaro-designs.com\/de\/wp-json\/wp\/v2\/product_tag?post=6759"}],"curies":[{"name":"wp","href":"https:\/\/api.w.org\/{rel}","templated":true}]}}