{"id":6765,"date":"2025-11-01T02:05:10","date_gmt":"2025-11-01T02:05:10","guid":{"rendered":"https:\/\/dev.lamaro-designs.com\/?post_type=product&#038;p=6765"},"modified":"2025-11-06T07:16:15","modified_gmt":"2025-11-06T07:16:15","slug":"visioner-sadelite","status":"publish","type":"product","link":"https:\/\/lamaro-designs.com\/de\/shop\/visioner-sadelite\/","title":{"rendered":"visioner sadelite \u2013 spiegel mit marmor rahmen"},"content":{"rendered":"<p>Der Visioner Wandpiegel verbindet Funktionalit\u00e4t mit ausdrucksstarker \u00c4sthetik. Sein Rahmen besteht aus handverlesenem Quarzit \u2013 jeder Spiegel der Lamaro Companions Kollektion wird in Mexiko von Hand gefertigt und ist Teil einer limitierten Kollektion.  <\/p>\n<p>In dieser Ausf\u00fchrung fasziniert der gr\u00fcne Quarzit Sadelite aus Brasilien mit einer aussergew\u00f6hnlichen Farbtiefe. Leuchtende Gr\u00fcnt\u00f6ne treffen auf moosige Nuancen, durchzogen von beigen Kristalleinschl\u00fcssen und zarten Blaut\u00f6nen. Die komplexen Strukturen erinnern an geologische Formationen, an Landschaften aus einer anderen Welt \u2013 fast wie ein St\u00fcck Universum, eingefangen in Stein. <\/p>\n<p>Kein Spiegel gleicht dem anderen. Die nat\u00fcrlichen Farbverl\u00e4ufe und die schimmernden Kristallmuster machen jedes St\u00fcck zu einem Unikat \u2013 kraftvoll, geheimnisvoll und einzigartig. <\/p>\n","protected":false},"excerpt":{"rendered":"<p>Der Visioner Wandpiegel verbindet Funktionalit\u00e4t mit ausdrucksstarker \u00c4sthetik. Sein Rahmen besteht aus handverlesenem Quarzit \u2013 jeder Spiegel der Lamaro Companions Kollektion wird in Mexiko von Hand gefertigt und ist Teil einer limitierten Kollektion. In dieser Ausf\u00fchrung fasziniert der gr\u00fcne Quarzit Sadelite aus Brasilien mit einer aussergew\u00f6hnlichen Farbtiefe. Leuchtende Gr\u00fcnt\u00f6ne treffen auf moosige Nuancen, durchzogen von<\/p>\n","protected":false},"featured_media":6777,"template":"","meta":{"_acf_changed":false},"product_brand":[],"product_cat":[219],"product_tag":[],"class_list":{"0":"post-6765","1":"product","2":"type-product","3":"status-publish","4":"has-post-thumbnail","6":"product_cat-spiegel","7":"pa_material-quarzit-sadelite","9":"first","10":"outofstock","11":"shipping-taxable","12":"purchasable","13":"product-type-simple"},"acf":[],"_links":{"self":[{"href":"https:\/\/lamaro-designs.com\/de\/wp-json\/wp\/v2\/product\/6765","targetHints":{"allow":["GET"]}}],"collection":[{"href":"https:\/\/lamaro-designs.com\/de\/wp-json\/wp\/v2\/product"}],"about":[{"href":"https:\/\/lamaro-designs.com\/de\/wp-json\/wp\/v2\/types\/product"}],"wp:featuredmedia":[{"embeddable":true,"href":"https:\/\/lamaro-designs.com\/de\/wp-json\/wp\/v2\/media\/6777"}],"wp:attachment":[{"href":"https:\/\/lamaro-designs.com\/de\/wp-json\/wp\/v2\/media?parent=6765"}],"wp:term":[{"taxonomy":"product_brand","embeddable":true,"href":"https:\/\/lamaro-designs.com\/de\/wp-json\/wp\/v2\/product_brand?post=6765"},{"taxonomy":"product_cat","embeddable":true,"href":"https:\/\/lamaro-designs.com\/de\/wp-json\/wp\/v2\/product_cat?post=6765"},{"taxonomy":"product_tag","embeddable":true,"href":"https:\/\/lamaro-designs.com\/de\/wp-json\/wp\/v2\/product_tag?post=6765"}],"curies":[{"name":"wp","href":"https:\/\/api.w.org\/{rel}","templated":true}]}}