{"id":7014,"date":"2025-11-03T05:25:37","date_gmt":"2025-11-03T05:25:37","guid":{"rendered":"https:\/\/dev.lamaro-designs.com\/?post_type=product&#038;p=7014"},"modified":"2025-11-06T07:14:20","modified_gmt":"2025-11-06T07:14:20","slug":"visioner-maya","status":"publish","type":"product","link":"https:\/\/lamaro-designs.com\/de\/shop\/visioner-maya\/","title":{"rendered":"visioner maya \u2013 spiegel mit marmor rahmen"},"content":{"rendered":"<p>Der Visioner Wandspiegel verbindet Funktionalit\u00e4t mit ausdrucksstarker \u00c4sthetik. Sein Rahmen besteht aus handverlesenem Marmor \u2013 jeder Spiegel der Lamaro Companions Kollektion wird in Mexiko von Hand gefertigt und ist Teil einer limitierten Kollektion.  <\/p>\n<p>Die Ausf\u00fchrung mit Marmor Maya bringt eine besondere Ruhe in den Raum. Der beigefarbene Naturstein stammt aus Mexiko und zeichnet sich durch seine warme, erdige Ausstrahlung aus. In seiner Oberfl\u00e4che lassen sich vereinzelt fossile Strukturen entdecken \u2013 feine, teils muschelartige Abdr\u00fccke, die vom Alter und Ursprung des Materials erz\u00e4hlen. Marmor Maya wirkt sanft und kraftvoll zugleich. Die nat\u00fcrlichen Nuancen und das lebendige Spiel von Textur und Zeichnung verleihen dem Spiegel Tiefe, ohne sich aufzudr\u00e4ngen \u2013 ein stilles, organisches Statement f\u00fcr zeitloses Interior.<\/p>\n<p>Kein Spiegel gleicht dem anderen. Jede Oberfl\u00e4che ist gepr\u00e4gt von individueller Struktur und nat\u00fcrlicher Geschichte \u2013 f\u00fcr ein echtes Unikat voller Charakter und Ruhe.<\/p>\n","protected":false},"excerpt":{"rendered":"<p>Der Visioner Wandspiegel verbindet Funktionalit\u00e4t mit ausdrucksstarker \u00c4sthetik. Sein Rahmen besteht aus handverlesenem Marmor \u2013 jeder Spiegel der Lamaro Companions Kollektion wird in Mexiko von Hand gefertigt und ist Teil einer limitierten Kollektion. Die Ausf\u00fchrung mit Marmor Maya bringt eine besondere Ruhe in den Raum. Der beigefarbene Naturstein stammt aus Mexiko und zeichnet sich durch<\/p>\n","protected":false},"featured_media":7016,"template":"","meta":{"_acf_changed":false},"product_brand":[],"product_cat":[219],"product_tag":[],"class_list":{"0":"post-7014","1":"product","2":"type-product","3":"status-publish","4":"has-post-thumbnail","6":"product_cat-spiegel","7":"pa_material-marmor-maya","9":"first","10":"instock","11":"shipping-taxable","12":"purchasable","13":"product-type-simple"},"acf":[],"_links":{"self":[{"href":"https:\/\/lamaro-designs.com\/de\/wp-json\/wp\/v2\/product\/7014","targetHints":{"allow":["GET"]}}],"collection":[{"href":"https:\/\/lamaro-designs.com\/de\/wp-json\/wp\/v2\/product"}],"about":[{"href":"https:\/\/lamaro-designs.com\/de\/wp-json\/wp\/v2\/types\/product"}],"wp:featuredmedia":[{"embeddable":true,"href":"https:\/\/lamaro-designs.com\/de\/wp-json\/wp\/v2\/media\/7016"}],"wp:attachment":[{"href":"https:\/\/lamaro-designs.com\/de\/wp-json\/wp\/v2\/media?parent=7014"}],"wp:term":[{"taxonomy":"product_brand","embeddable":true,"href":"https:\/\/lamaro-designs.com\/de\/wp-json\/wp\/v2\/product_brand?post=7014"},{"taxonomy":"product_cat","embeddable":true,"href":"https:\/\/lamaro-designs.com\/de\/wp-json\/wp\/v2\/product_cat?post=7014"},{"taxonomy":"product_tag","embeddable":true,"href":"https:\/\/lamaro-designs.com\/de\/wp-json\/wp\/v2\/product_tag?post=7014"}],"curies":[{"name":"wp","href":"https:\/\/api.w.org\/{rel}","templated":true}]}}