{"id":7634,"date":"2025-11-03T05:38:47","date_gmt":"2025-11-03T05:38:47","guid":{"rendered":"https:\/\/dev.lamaro-designs.com\/shop\/rocas-tischlampe-aus-onyx\/"},"modified":"2026-01-24T05:53:04","modified_gmt":"2026-01-24T05:53:04","slug":"rocas-tischlampe-aus-onyx","status":"publish","type":"product","link":"https:\/\/lamaro-designs.com\/de\/shop\/rocas-tischlampe-aus-onyx\/","title":{"rendered":"rocas, tischlampe, onyx podest"},"content":{"rendered":"<p>Die Rocas Tischlampe 40 bringt die feine, nat\u00fcrliche Ausstrahlung von weissem Onyx stilvoll zur Geltung. Sobald das Licht durch den transluzenten Stein dringt, entsteht eine warme, atmosph\u00e4rische Leuchtkraft, die den Raum subtil und zugleich eindrucksvoll bereichert. <\/p>\n<p>Gefertigt aus handverlesenem, mexikanischem Onyx und in sorgf\u00e4ltiger Handarbeit produziert, ist jede Lampe ein Unikat mit eigener Struktur, Maserung und Farbnuance.<br \/>Das minimalistische Design l\u00e4sst den Naturstein f\u00fcr sich sprechen und f\u00fcgt sich m\u00fchelos in moderne wie klassische Wohnkonzepte ein \u2013 ob auf einem Sideboard, einem Nachttisch oder als ruhiger Akzent in einer Leseecke <\/p>\n<p>Entworfen in der Schweiz und nur in limitierter Auflage erh\u00e4ltlich, steht die Rocas Tischlampe f\u00fcr handwerkliche Qualit\u00e4t, Zur\u00fcckhaltung im Design und nat\u00fcrliche Eleganz.<\/p>\n","protected":false},"excerpt":{"rendered":"<p>Die Rocas Tischlampe 40 bringt die feine, nat\u00fcrliche Ausstrahlung von weissem Onyx stilvoll zur Geltung. Sobald das Licht durch den transluzenten Stein dringt, entsteht eine warme, atmosph\u00e4rische Leuchtkraft, die den Raum subtil und zugleich eindrucksvoll bereichert. Gefertigt aus handverlesenem, mexikanischem Onyx und in sorgf\u00e4ltiger Handarbeit produziert, ist jede Lampe ein Unikat mit eigener Struktur, Maserung<\/p>\n","protected":false},"featured_media":7021,"template":"","meta":{"_acf_changed":false},"product_brand":[],"product_cat":[216],"product_tag":[],"class_list":{"0":"post-7634","1":"product","2":"type-product","3":"status-publish","4":"has-post-thumbnail","6":"product_cat-lampen","7":"pa_material-onyx-blanco-torre","9":"first","10":"instock","11":"shipping-taxable","12":"purchasable","13":"product-type-simple"},"acf":[],"_links":{"self":[{"href":"https:\/\/lamaro-designs.com\/de\/wp-json\/wp\/v2\/product\/7634","targetHints":{"allow":["GET"]}}],"collection":[{"href":"https:\/\/lamaro-designs.com\/de\/wp-json\/wp\/v2\/product"}],"about":[{"href":"https:\/\/lamaro-designs.com\/de\/wp-json\/wp\/v2\/types\/product"}],"wp:featuredmedia":[{"embeddable":true,"href":"https:\/\/lamaro-designs.com\/de\/wp-json\/wp\/v2\/media\/7021"}],"wp:attachment":[{"href":"https:\/\/lamaro-designs.com\/de\/wp-json\/wp\/v2\/media?parent=7634"}],"wp:term":[{"taxonomy":"product_brand","embeddable":true,"href":"https:\/\/lamaro-designs.com\/de\/wp-json\/wp\/v2\/product_brand?post=7634"},{"taxonomy":"product_cat","embeddable":true,"href":"https:\/\/lamaro-designs.com\/de\/wp-json\/wp\/v2\/product_cat?post=7634"},{"taxonomy":"product_tag","embeddable":true,"href":"https:\/\/lamaro-designs.com\/de\/wp-json\/wp\/v2\/product_tag?post=7634"}],"curies":[{"name":"wp","href":"https:\/\/api.w.org\/{rel}","templated":true}]}}