{"id":7635,"date":"2025-11-03T05:39:09","date_gmt":"2025-11-03T05:39:09","guid":{"rendered":"https:\/\/dev.lamaro-designs.com\/shop\/rocas-stehlampe-aus-onyx\/"},"modified":"2026-01-24T05:53:02","modified_gmt":"2026-01-24T05:53:02","slug":"rocas-stehlampe-aus-onyx","status":"publish","type":"product","link":"https:\/\/lamaro-designs.com\/de\/shop\/rocas-stehlampe-aus-onyx\/","title":{"rendered":"rocas, stehlampe, onyx podest"},"content":{"rendered":"<p>Die Rocas 100&#8242; Stehleuchte kombiniert minimalistisches Design mit der nat\u00fcrlichen Ausstrahlung von hochwertigem Onyx &#8211; einem der exklusivsten Natursteine \u00fcberhaupt. Onyx verleiht jedem Interieur Tiefe und W\u00e4rme und schafft eine raffinierte und stimmungsvolle Pr\u00e4senz. <\/p>\n<p>Jede Lampe wird aus handverlesenem, durchscheinendem mexikanischem Onyx gefertigt, was jedes St\u00fcck zu einem echten Unikat macht. Wenn der Stein beleuchtet ist, zeigt er zarte Muster und strahlt ein sanftes, angenehmes Licht aus. Ihre skulpturale Form unterstreicht die Einzigartigkeit des Materials und verwandelt die Leuchte in ein funktionales Designobjekt.  <\/p>\n<p>Gefertigt in sorgf\u00e4ltiger Handarbeit aus hochwertigem, mexikanischem Onyx und entworfen in der Schweiz, steht diese Lampe f\u00fcr h\u00f6chste Qualit\u00e4t, Authentizit\u00e4t und zeitlose Eleganz.<\/p>\n<p>Ob in einem Wohnzimmer, Schlafzimmer oder einem repr\u00e4sentativen Raum &#8211; dieses St\u00fcck ist mehr als nur eine Beleuchtung. Es ist ein Statement f\u00fcr Stil, Individualit\u00e4t und raffinierten Geschmack. <\/p>\n","protected":false},"excerpt":{"rendered":"<p>Die Rocas 100&#8242; Stehleuchte kombiniert minimalistisches Design mit der nat\u00fcrlichen Ausstrahlung von hochwertigem Onyx &#8211; einem der exklusivsten Natursteine \u00fcberhaupt. Onyx verleiht jedem Interieur Tiefe und W\u00e4rme und schafft eine raffinierte und stimmungsvolle Pr\u00e4senz. Jede Lampe wird aus handverlesenem, durchscheinendem mexikanischem Onyx gefertigt, was jedes St\u00fcck zu einem echten Unikat macht. Wenn der Stein beleuchtet<\/p>\n","protected":false},"featured_media":7060,"template":"","meta":{"_acf_changed":false},"product_brand":[],"product_cat":[216],"product_tag":[],"class_list":{"0":"post-7635","1":"product","2":"type-product","3":"status-publish","4":"has-post-thumbnail","6":"product_cat-lampen","7":"pa_material-onyx-blanco-torre","9":"first","10":"instock","11":"shipping-taxable","12":"purchasable","13":"product-type-simple"},"acf":[],"_links":{"self":[{"href":"https:\/\/lamaro-designs.com\/de\/wp-json\/wp\/v2\/product\/7635","targetHints":{"allow":["GET"]}}],"collection":[{"href":"https:\/\/lamaro-designs.com\/de\/wp-json\/wp\/v2\/product"}],"about":[{"href":"https:\/\/lamaro-designs.com\/de\/wp-json\/wp\/v2\/types\/product"}],"wp:featuredmedia":[{"embeddable":true,"href":"https:\/\/lamaro-designs.com\/de\/wp-json\/wp\/v2\/media\/7060"}],"wp:attachment":[{"href":"https:\/\/lamaro-designs.com\/de\/wp-json\/wp\/v2\/media?parent=7635"}],"wp:term":[{"taxonomy":"product_brand","embeddable":true,"href":"https:\/\/lamaro-designs.com\/de\/wp-json\/wp\/v2\/product_brand?post=7635"},{"taxonomy":"product_cat","embeddable":true,"href":"https:\/\/lamaro-designs.com\/de\/wp-json\/wp\/v2\/product_cat?post=7635"},{"taxonomy":"product_tag","embeddable":true,"href":"https:\/\/lamaro-designs.com\/de\/wp-json\/wp\/v2\/product_tag?post=7635"}],"curies":[{"name":"wp","href":"https:\/\/api.w.org\/{rel}","templated":true}]}}