{"id":7744,"date":"2025-11-04T05:08:37","date_gmt":"2025-11-04T05:08:37","guid":{"rendered":"https:\/\/dev.lamaro-designs.com\/shop\/massiver-buchhalter-onyx-verde\/"},"modified":"2025-11-06T06:16:45","modified_gmt":"2025-11-06T06:16:45","slug":"massiver-buchhalter-onyx-verde","status":"publish","type":"product","link":"https:\/\/lamaro-designs.com\/de\/shop\/massiver-buchhalter-onyx-verde\/","title":{"rendered":"massiver buchhalter onyx verde"},"content":{"rendered":"<p>Unser Onyx Verde Buchhalter ist mehr als nur ein praktisches Accessoire \u2013 er ist ein skulpturales Designobjekt, das sorgf\u00e4ltig aus 100 % nat\u00fcrlichem Marmor von Hand gefertigt wurde. Die lebendigen Gr\u00fcnt\u00f6ne und die nat\u00fcrliche Maserung machen jedes St\u00fcck zu einem Unikat. Kein Buchhalter gleicht dem anderen.  <\/p>\n<p>In der Schweiz entworfen und in Mexiko mit gr\u00f6sster Sorgfalt handgefertigt, bringt dieser Buchhalter Luxus und Stil in jeden Raum. Ob als stilvoller Buchhalter, Buchst\u00fctze oder als dekoratives Highlight auf Ihrem Tisch oder Regal \u2013 er vereint Funktionalit\u00e4t und Eleganz. <\/p>\n<p>Weit mehr als nur ein dekoratives Objekt, ist dieser Buchhalter Teil einer limitierten Kollektion, die f\u00fcr all jene geschaffen wurde, die die Sch\u00f6nheit von Naturstein, stilvolle Interieurs und ein einzigartiges, zeitloses Design sch\u00e4tzen.<\/p>\n","protected":false},"excerpt":{"rendered":"<p>Unser Onyx Verde Buchhalter ist mehr als nur ein praktisches Accessoire \u2013 er ist ein skulpturales Designobjekt, das sorgf\u00e4ltig aus 100 % nat\u00fcrlichem Marmor von Hand gefertigt wurde. Die lebendigen Gr\u00fcnt\u00f6ne und die nat\u00fcrliche Maserung machen jedes St\u00fcck zu einem Unikat. Kein Buchhalter gleicht dem anderen. In der Schweiz entworfen und in Mexiko mit gr\u00f6sster<\/p>\n","protected":false},"featured_media":7429,"template":"","meta":{"_acf_changed":false},"product_brand":[],"product_cat":[223,222],"product_tag":[],"class_list":{"0":"post-7744","1":"product","2":"type-product","3":"status-publish","4":"has-post-thumbnail","6":"product_cat-bookstand","7":"product_cat-vortice-adornments","8":"pa_material-onyx-verde","10":"first","11":"instock","12":"shipping-taxable","13":"purchasable","14":"product-type-simple"},"acf":[],"_links":{"self":[{"href":"https:\/\/lamaro-designs.com\/de\/wp-json\/wp\/v2\/product\/7744","targetHints":{"allow":["GET"]}}],"collection":[{"href":"https:\/\/lamaro-designs.com\/de\/wp-json\/wp\/v2\/product"}],"about":[{"href":"https:\/\/lamaro-designs.com\/de\/wp-json\/wp\/v2\/types\/product"}],"wp:featuredmedia":[{"embeddable":true,"href":"https:\/\/lamaro-designs.com\/de\/wp-json\/wp\/v2\/media\/7429"}],"wp:attachment":[{"href":"https:\/\/lamaro-designs.com\/de\/wp-json\/wp\/v2\/media?parent=7744"}],"wp:term":[{"taxonomy":"product_brand","embeddable":true,"href":"https:\/\/lamaro-designs.com\/de\/wp-json\/wp\/v2\/product_brand?post=7744"},{"taxonomy":"product_cat","embeddable":true,"href":"https:\/\/lamaro-designs.com\/de\/wp-json\/wp\/v2\/product_cat?post=7744"},{"taxonomy":"product_tag","embeddable":true,"href":"https:\/\/lamaro-designs.com\/de\/wp-json\/wp\/v2\/product_tag?post=7744"}],"curies":[{"name":"wp","href":"https:\/\/api.w.org\/{rel}","templated":true}]}}