{"id":7766,"date":"2025-11-04T04:51:27","date_gmt":"2025-11-04T04:51:27","guid":{"rendered":"https:\/\/dev.lamaro-designs.com\/shop\/schale-onyx-miel-30\/"},"modified":"2025-11-06T06:24:54","modified_gmt":"2025-11-06T06:24:54","slug":"schale-onyx-miel-30","status":"publish","type":"product","link":"https:\/\/lamaro-designs.com\/de\/shop\/schale-onyx-miel-30\/","title":{"rendered":"schale onyx miel 30\u2019"},"content":{"rendered":"<p>Unsere Onyx Bowl Miel 30 ist eine sorgf\u00e4ltig handgefertigte, dekorative Schale aus 100 % nat\u00fcrlichem Onyx. Ihre warmen Honigt\u00f6ne und die zarte Transparenz machen jede Schale zu einem Unikat \u2013 keine zwei Schalen sind gleich. <\/p>\n<p>In der Schweiz entworfen und in Mexiko mit grosser Sorgfalt von Hand gefertigt, vereint diese Schale zeitlose Eleganz mit modernem Stil. Ob als dekoratives Highlight, Obstschale oder stilvolles Accessoire \u2013 sie verleiht jedem Raum eine luxuri\u00f6se Note. <\/p>\n<p>Als Teil einer limitierten Kollektion ist diese Schale perfekt f\u00fcr all jene, die die Sch\u00f6nheit von Naturstein, stilvolle Interieurs und ein einzigartiges Design sch\u00e4tzen.<\/p>\n","protected":false},"excerpt":{"rendered":"<p>Unsere Onyx Bowl Miel 30 ist eine sorgf\u00e4ltig handgefertigte, dekorative Schale aus 100 % nat\u00fcrlichem Onyx. Ihre warmen Honigt\u00f6ne und die zarte Transparenz machen jede Schale zu einem Unikat \u2013 keine zwei Schalen sind gleich. In der Schweiz entworfen und in Mexiko mit grosser Sorgfalt von Hand gefertigt, vereint diese Schale zeitlose Eleganz mit modernem<\/p>\n","protected":false},"featured_media":7387,"template":"","meta":{"_acf_changed":false},"product_brand":[],"product_cat":[224,222],"product_tag":[],"class_list":{"0":"post-7766","1":"product","2":"type-product","3":"status-publish","4":"has-post-thumbnail","6":"product_cat-bowl","7":"product_cat-vortice-adornments","8":"pa_material-onyx-miel","10":"first","11":"instock","12":"shipping-taxable","13":"purchasable","14":"product-type-simple"},"acf":[],"_links":{"self":[{"href":"https:\/\/lamaro-designs.com\/de\/wp-json\/wp\/v2\/product\/7766","targetHints":{"allow":["GET"]}}],"collection":[{"href":"https:\/\/lamaro-designs.com\/de\/wp-json\/wp\/v2\/product"}],"about":[{"href":"https:\/\/lamaro-designs.com\/de\/wp-json\/wp\/v2\/types\/product"}],"wp:featuredmedia":[{"embeddable":true,"href":"https:\/\/lamaro-designs.com\/de\/wp-json\/wp\/v2\/media\/7387"}],"wp:attachment":[{"href":"https:\/\/lamaro-designs.com\/de\/wp-json\/wp\/v2\/media?parent=7766"}],"wp:term":[{"taxonomy":"product_brand","embeddable":true,"href":"https:\/\/lamaro-designs.com\/de\/wp-json\/wp\/v2\/product_brand?post=7766"},{"taxonomy":"product_cat","embeddable":true,"href":"https:\/\/lamaro-designs.com\/de\/wp-json\/wp\/v2\/product_cat?post=7766"},{"taxonomy":"product_tag","embeddable":true,"href":"https:\/\/lamaro-designs.com\/de\/wp-json\/wp\/v2\/product_tag?post=7766"}],"curies":[{"name":"wp","href":"https:\/\/api.w.org\/{rel}","templated":true}]}}