{"id":7782,"date":"2025-11-04T04:23:54","date_gmt":"2025-11-04T04:23:54","guid":{"rendered":"https:\/\/dev.lamaro-designs.com\/shop\/schale-onyx-miel-40\/"},"modified":"2025-11-04T04:23:54","modified_gmt":"2025-11-04T04:23:54","slug":"schale-onyx-miel-40","status":"publish","type":"product","link":"https:\/\/lamaro-designs.com\/de\/shop\/schale-onyx-miel-40\/","title":{"rendered":"schale onyx miel 40\u2019"},"content":{"rendered":"<p>Unsere Onyx Bowl Miel 40 ist eine sorgf\u00e4ltig handgefertigte, dekorative Schale aus 100 % nat\u00fcrlichem Onyx. Ihre warmen Honigt\u00f6ne und die zarte Transparenz machen jede Schale zu einem Unikat \u2013 keine zwei Schalen sind gleich.<br \/>\nIn der Schweiz entworfen und in Mexiko mit grosser Sorgfalt von Hand gefertigt, vereint diese gr\u00f6ssere Schale zeitlose Eleganz mit beeindruckender Pr\u00e4senz. Ob als dekoratives Highlight, Obstschale oder stilvolles Accessoire \u2013 sie bringt Luxus in jeden Raum.<br \/>\nAls Teil einer limitierten Kollektion ist diese Schale perfekt f\u00fcr all jene, die die Sch\u00f6nheit von Naturstein, stilvolle Interieurs und ein einzigartiges Design sch\u00e4tzen.  <\/p>\n","protected":false},"excerpt":{"rendered":"<p>Unsere Onyx Bowl Miel 40 ist eine sorgf\u00e4ltig handgefertigte, dekorative Schale aus 100 % nat\u00fcrlichem Onyx. Ihre warmen Honigt\u00f6ne und die zarte Transparenz machen jede Schale zu einem Unikat \u2013 keine zwei Schalen sind gleich. In der Schweiz entworfen und in Mexiko mit grosser Sorgfalt von Hand gefertigt, vereint diese gr\u00f6ssere Schale zeitlose Eleganz mit<\/p>\n","protected":false},"featured_media":7336,"template":"","meta":{"_acf_changed":false},"product_brand":[],"product_cat":[224,222],"product_tag":[],"class_list":{"0":"post-7782","1":"product","2":"type-product","3":"status-publish","4":"has-post-thumbnail","6":"product_cat-bowl","7":"product_cat-vortice-adornments","8":"pa_material-onyx-miel","10":"first","11":"instock","12":"shipping-taxable","13":"purchasable","14":"product-type-simple"},"acf":[],"_links":{"self":[{"href":"https:\/\/lamaro-designs.com\/de\/wp-json\/wp\/v2\/product\/7782","targetHints":{"allow":["GET"]}}],"collection":[{"href":"https:\/\/lamaro-designs.com\/de\/wp-json\/wp\/v2\/product"}],"about":[{"href":"https:\/\/lamaro-designs.com\/de\/wp-json\/wp\/v2\/types\/product"}],"wp:featuredmedia":[{"embeddable":true,"href":"https:\/\/lamaro-designs.com\/de\/wp-json\/wp\/v2\/media\/7336"}],"wp:attachment":[{"href":"https:\/\/lamaro-designs.com\/de\/wp-json\/wp\/v2\/media?parent=7782"}],"wp:term":[{"taxonomy":"product_brand","embeddable":true,"href":"https:\/\/lamaro-designs.com\/de\/wp-json\/wp\/v2\/product_brand?post=7782"},{"taxonomy":"product_cat","embeddable":true,"href":"https:\/\/lamaro-designs.com\/de\/wp-json\/wp\/v2\/product_cat?post=7782"},{"taxonomy":"product_tag","embeddable":true,"href":"https:\/\/lamaro-designs.com\/de\/wp-json\/wp\/v2\/product_tag?post=7782"}],"curies":[{"name":"wp","href":"https:\/\/api.w.org\/{rel}","templated":true}]}}