{"id":7801,"date":"2025-11-04T03:33:19","date_gmt":"2025-11-04T03:33:19","guid":{"rendered":"https:\/\/dev.lamaro-designs.com\/shop\/tres-aires-kreuztisch-aus-gruenem-onyx\/"},"modified":"2025-11-26T23:36:19","modified_gmt":"2025-11-26T23:36:19","slug":"tres-aires-green-onyx-roundtable","status":"publish","type":"product","link":"https:\/\/lamaro-designs.com\/de\/shop\/tres-aires-green-onyx-roundtable\/","title":{"rendered":"tres aires \u2013 kreuztisch aus gr\u00fcnem onyx"},"content":{"rendered":"<p>Der Crosstable fasziniert durch sein aussergew\u00f6hnliches Design, das aus jedem Blickwinkel eine neue Perspektive er\u00f6ffnet. Seine drei gleich gro\u00dfen Platten erzeugen ein harmonisches Zusammenspiel aus Geometrie und \u00c4sthetik. Der aus 100 % Naturstein mit einer Plattenst\u00e4rke von 2 bis 2,5 cm gefertigte Crosstable eignet sich hervorragend als Couchtisch oder Beistelltisch. Sein durchdachtes Design verleiht jedem Raum Charakter und Individualit\u00e4t und macht ihn zu einem echten Hingucker.<\/p>\n","protected":false},"excerpt":{"rendered":"<p>Der Crosstable fasziniert durch sein aussergew\u00f6hnliches Design, das aus jedem Blickwinkel eine neue Perspektive er\u00f6ffnet. Seine drei gleich gro\u00dfen Platten erzeugen ein harmonisches Zusammenspiel aus Geometrie und \u00c4sthetik. Der aus 100 % Naturstein mit einer Plattenst\u00e4rke von 2 bis 2,5 cm gefertigte Crosstable eignet sich hervorragend als Couchtisch oder Beistelltisch. Sein durchdachtes Design verleiht jedem<\/p>\n","protected":false},"featured_media":7245,"template":"","meta":{"_acf_changed":false},"product_brand":[],"product_cat":[221],"product_tag":[],"class_list":{"0":"post-7801","1":"product","2":"type-product","3":"status-publish","4":"has-post-thumbnail","6":"product_cat-tres-aires","7":"pa_material-onyx-verde-torre","9":"first","10":"instock","11":"shipping-taxable","12":"purchasable","13":"product-type-simple"},"acf":[],"_links":{"self":[{"href":"https:\/\/lamaro-designs.com\/de\/wp-json\/wp\/v2\/product\/7801","targetHints":{"allow":["GET"]}}],"collection":[{"href":"https:\/\/lamaro-designs.com\/de\/wp-json\/wp\/v2\/product"}],"about":[{"href":"https:\/\/lamaro-designs.com\/de\/wp-json\/wp\/v2\/types\/product"}],"wp:featuredmedia":[{"embeddable":true,"href":"https:\/\/lamaro-designs.com\/de\/wp-json\/wp\/v2\/media\/7245"}],"wp:attachment":[{"href":"https:\/\/lamaro-designs.com\/de\/wp-json\/wp\/v2\/media?parent=7801"}],"wp:term":[{"taxonomy":"product_brand","embeddable":true,"href":"https:\/\/lamaro-designs.com\/de\/wp-json\/wp\/v2\/product_brand?post=7801"},{"taxonomy":"product_cat","embeddable":true,"href":"https:\/\/lamaro-designs.com\/de\/wp-json\/wp\/v2\/product_cat?post=7801"},{"taxonomy":"product_tag","embeddable":true,"href":"https:\/\/lamaro-designs.com\/de\/wp-json\/wp\/v2\/product_tag?post=7801"}],"curies":[{"name":"wp","href":"https:\/\/api.w.org\/{rel}","templated":true}]}}