{"id":7809,"date":"2025-11-04T03:08:23","date_gmt":"2025-11-04T03:08:23","guid":{"rendered":"https:\/\/dev.lamaro-designs.com\/shop\/tres-aires-rundtisch-aus-gruenem-onyx\/"},"modified":"2025-11-26T23:37:39","modified_gmt":"2025-11-26T23:37:39","slug":"tres-aires-red-travertine-crosstable","status":"publish","type":"product","link":"https:\/\/lamaro-designs.com\/de\/shop\/tres-aires-red-travertine-crosstable\/","title":{"rendered":"tres aires \u2013 rundtisch aus gr\u00fcnem onyx"},"content":{"rendered":"<p>Der Roundtable besticht durch seine runde Oberfl\u00e4che und das charakteristische kreuzf\u00f6rmige Bein, das je nach Perspektive neue Facetten offenbart. Dieses minimalistische Designst\u00fcck verbindet zeitlose Eleganz mit Funktionalit\u00e4t und setzt durch seine 100 % Naturstein-Verarbeitung und eine Plattenst\u00e4rke von 2 bis 2,5 cm stilvolle Akzente. Vielseitig einsetzbar als Beistelltisch oder Statement-Piece im Eingangsbereich, schafft der Roundtable ein harmonisches Raumgef\u00fchl.<\/p>\n","protected":false},"excerpt":{"rendered":"<p>Der Roundtable besticht durch seine runde Oberfl\u00e4che und das charakteristische kreuzf\u00f6rmige Bein, das je nach Perspektive neue Facetten offenbart. Dieses minimalistische Designst\u00fcck verbindet zeitlose Eleganz mit Funktionalit\u00e4t und setzt durch seine 100 % Naturstein-Verarbeitung und eine Plattenst\u00e4rke von 2 bis 2,5 cm stilvolle Akzente. Vielseitig einsetzbar als Beistelltisch oder Statement-Piece im Eingangsbereich, schafft der Roundtable<\/p>\n","protected":false},"featured_media":7191,"template":"","meta":{"_acf_changed":false},"product_brand":[],"product_cat":[221],"product_tag":[],"class_list":{"0":"post-7809","1":"product","2":"type-product","3":"status-publish","4":"has-post-thumbnail","6":"product_cat-tres-aires","7":"pa_material-onyx-verde-torre","9":"first","10":"instock","11":"shipping-taxable","12":"purchasable","13":"product-type-simple"},"acf":[],"_links":{"self":[{"href":"https:\/\/lamaro-designs.com\/de\/wp-json\/wp\/v2\/product\/7809","targetHints":{"allow":["GET"]}}],"collection":[{"href":"https:\/\/lamaro-designs.com\/de\/wp-json\/wp\/v2\/product"}],"about":[{"href":"https:\/\/lamaro-designs.com\/de\/wp-json\/wp\/v2\/types\/product"}],"wp:featuredmedia":[{"embeddable":true,"href":"https:\/\/lamaro-designs.com\/de\/wp-json\/wp\/v2\/media\/7191"}],"wp:attachment":[{"href":"https:\/\/lamaro-designs.com\/de\/wp-json\/wp\/v2\/media?parent=7809"}],"wp:term":[{"taxonomy":"product_brand","embeddable":true,"href":"https:\/\/lamaro-designs.com\/de\/wp-json\/wp\/v2\/product_brand?post=7809"},{"taxonomy":"product_cat","embeddable":true,"href":"https:\/\/lamaro-designs.com\/de\/wp-json\/wp\/v2\/product_cat?post=7809"},{"taxonomy":"product_tag","embeddable":true,"href":"https:\/\/lamaro-designs.com\/de\/wp-json\/wp\/v2\/product_tag?post=7809"}],"curies":[{"name":"wp","href":"https:\/\/api.w.org\/{rel}","templated":true}]}}