{"id":7825,"date":"2025-11-04T03:41:03","date_gmt":"2025-11-04T03:41:03","guid":{"rendered":"https:\/\/dev.lamaro-designs.com\/shop\/tres-aires-fusiontisch-aus-onyx-und-travertin\/"},"modified":"2025-11-26T23:35:23","modified_gmt":"2025-11-26T23:35:23","slug":"tres-aires-green-onyx-crosstable","status":"publish","type":"product","link":"https:\/\/lamaro-designs.com\/de\/shop\/tres-aires-green-onyx-crosstable\/","title":{"rendered":"tres aires \u2013 fusiontisch aus onyx und travertin"},"content":{"rendered":"<p>Der Fusiontable besticht durch das kunstvolle Zusammenspiel zweier kontrastierender Natursteine. Die pr\u00e4zise Materialkombination schafft eine harmonische Balance zwischen verspielter Leichtigkeit und zeitloser Eleganz. Gefertigt aus 100 % Naturstein mit einer Plattenst\u00e4rke von 2 bis 2,5 cm ist der Fusiontable sowohl ein funktionales Designst\u00fcck als auch ein \u00e4sthetisches Statement. Ob als Couchtisch oder Beistelltisch \u2013 er bringt die Sch\u00f6nheit und Vielfalt der Natur direkt in Ihr Zuhause.<\/p>\n","protected":false},"excerpt":{"rendered":"<p>Der Fusiontable besticht durch das kunstvolle Zusammenspiel zweier kontrastierender Natursteine. Die pr\u00e4zise Materialkombination schafft eine harmonische Balance zwischen verspielter Leichtigkeit und zeitloser Eleganz. Gefertigt aus 100 % Naturstein mit einer Plattenst\u00e4rke von 2 bis 2,5 cm ist der Fusiontable sowohl ein funktionales Designst\u00fcck als auch ein \u00e4sthetisches Statement. Ob als Couchtisch oder Beistelltisch \u2013 er<\/p>\n","protected":false},"featured_media":7270,"template":"","meta":{"_acf_changed":false},"product_brand":[],"product_cat":[221],"product_tag":[],"class_list":{"0":"post-7825","1":"product","2":"type-product","3":"status-publish","4":"has-post-thumbnail","6":"product_cat-tres-aires","7":"pa_material-onyx-verde-torre","8":"pa_material-roter-travertin","10":"first","11":"instock","12":"shipping-taxable","13":"purchasable","14":"product-type-simple"},"acf":[],"_links":{"self":[{"href":"https:\/\/lamaro-designs.com\/de\/wp-json\/wp\/v2\/product\/7825","targetHints":{"allow":["GET"]}}],"collection":[{"href":"https:\/\/lamaro-designs.com\/de\/wp-json\/wp\/v2\/product"}],"about":[{"href":"https:\/\/lamaro-designs.com\/de\/wp-json\/wp\/v2\/types\/product"}],"wp:featuredmedia":[{"embeddable":true,"href":"https:\/\/lamaro-designs.com\/de\/wp-json\/wp\/v2\/media\/7270"}],"wp:attachment":[{"href":"https:\/\/lamaro-designs.com\/de\/wp-json\/wp\/v2\/media?parent=7825"}],"wp:term":[{"taxonomy":"product_brand","embeddable":true,"href":"https:\/\/lamaro-designs.com\/de\/wp-json\/wp\/v2\/product_brand?post=7825"},{"taxonomy":"product_cat","embeddable":true,"href":"https:\/\/lamaro-designs.com\/de\/wp-json\/wp\/v2\/product_cat?post=7825"},{"taxonomy":"product_tag","embeddable":true,"href":"https:\/\/lamaro-designs.com\/de\/wp-json\/wp\/v2\/product_tag?post=7825"}],"curies":[{"name":"wp","href":"https:\/\/api.w.org\/{rel}","templated":true}]}}