{"id":8102,"date":"2025-11-26T23:06:54","date_gmt":"2025-11-26T23:06:54","guid":{"rendered":"https:\/\/dev.lamaro-designs.com\/shop\/marmor-und-feinsteinpflegeset\/"},"modified":"2025-11-26T23:23:54","modified_gmt":"2025-11-26T23:23:54","slug":"marmor-und-feinsteinpflegeset","status":"publish","type":"product","link":"https:\/\/lamaro-designs.com\/de\/shop\/marmor-und-feinsteinpflegeset\/","title":{"rendered":"marmor- und feinsteinpflegeset"},"content":{"rendered":"<p>Das vollst\u00e4ndige Pflegekit von Act of Caring f\u00fcr Ihre Marmor- und feinen Steinobjekte. Verl\u00e4ngern Sie die Lebensdauer des Materials, indem Sie das Objekt oder die Oberfl\u00e4che alle zwei Wochen mit dem Restoring Marble Cleanser reinigen und die Oberfl\u00e4che \u00f6len\/wachsen.<\/p>\n<ul>\n<li>Hergestellt in Schweden<\/li>\n<li>Beduftet mit \u00e4therischen \u00d6len<\/li>\n<li>Nat\u00fcrliche Inhaltsstoffe<\/li>\n<li>Vegan<\/li>\n<\/ul>\n","protected":false},"excerpt":{"rendered":"<p>Das vollst\u00e4ndige Pflegekit von Act of Caring f\u00fcr Ihre Marmor- und feinen Steinobjekte. Verl\u00e4ngern Sie die Lebensdauer des Materials, indem Sie das Objekt oder die Oberfl\u00e4che alle zwei Wochen mit dem Restoring Marble Cleanser reinigen und die Oberfl\u00e4che \u00f6len\/wachsen. Hergestellt in Schweden Beduftet mit \u00e4therischen \u00d6len Nat\u00fcrliche Inhaltsstoffe Vegan<\/p>\n","protected":false},"featured_media":8089,"template":"","meta":{"_acf_changed":false},"product_brand":[],"product_cat":[228],"product_tag":[],"class_list":{"0":"post-8102","1":"product","2":"type-product","3":"status-publish","4":"has-post-thumbnail","6":"product_cat-care-kit","8":"first","9":"instock","10":"shipping-taxable","11":"purchasable","12":"product-type-simple"},"acf":[],"_links":{"self":[{"href":"https:\/\/lamaro-designs.com\/de\/wp-json\/wp\/v2\/product\/8102","targetHints":{"allow":["GET"]}}],"collection":[{"href":"https:\/\/lamaro-designs.com\/de\/wp-json\/wp\/v2\/product"}],"about":[{"href":"https:\/\/lamaro-designs.com\/de\/wp-json\/wp\/v2\/types\/product"}],"wp:featuredmedia":[{"embeddable":true,"href":"https:\/\/lamaro-designs.com\/de\/wp-json\/wp\/v2\/media\/8089"}],"wp:attachment":[{"href":"https:\/\/lamaro-designs.com\/de\/wp-json\/wp\/v2\/media?parent=8102"}],"wp:term":[{"taxonomy":"product_brand","embeddable":true,"href":"https:\/\/lamaro-designs.com\/de\/wp-json\/wp\/v2\/product_brand?post=8102"},{"taxonomy":"product_cat","embeddable":true,"href":"https:\/\/lamaro-designs.com\/de\/wp-json\/wp\/v2\/product_cat?post=8102"},{"taxonomy":"product_tag","embeddable":true,"href":"https:\/\/lamaro-designs.com\/de\/wp-json\/wp\/v2\/product_tag?post=8102"}],"curies":[{"name":"wp","href":"https:\/\/api.w.org\/{rel}","templated":true}]}}